{"id":736,"date":"2025-05-18T21:30:44","date_gmt":"2025-05-18T19:30:44","guid":{"rendered":"https:\/\/talk2grow.lt\/?post_type=product&#038;p=736"},"modified":"2026-03-28T12:45:59","modified_gmt":"2026-03-28T10:45:59","slug":"pokalbiu-irankis-talk2grow-1-on-1-basic","status":"publish","type":"product","link":"https:\/\/talk2grow.lt\/lt\/product\/pokalbiu-irankis-talk2grow-1-on-1-basic\/","title":{"rendered":"Pokalbi\u0173 \u012frankis \u2013 \u201cTalk2Grow 1-on-1 Basic\u201d"},"content":{"rendered":"<div data-id=\"4257a5a\" data-element_type=\"widget\" data-settings=\"{&quot;marker&quot;:&quot;double_underline&quot;,&quot;highlighted_text&quot;:&quot;iu0161moksite:&quot;,&quot;headline_style&quot;:&quot;highlight&quot;,&quot;loop&quot;:&quot;yes&quot;,&quot;highlight_animation_duration&quot;:1200,&quot;highlight_iteration_delay&quot;:8000}\" data-widget_type=\"animated-headline.default\">\n<h4><span style=\"color: #191970;\"><b>K\u0105 gausite:<\/b><\/span><\/h4>\n<p><b><img decoding=\"async\" class=\"wp-image-567 alignleft\" src=\"https:\/\/talk2grow.lt\/wp-content\/uploads\/2025\/05\/cropped-Dizainas-be-pavadinimo-3-300x300.png\" alt=\"\" width=\"25\" height=\"25\" srcset=\"https:\/\/talk2grow.lt\/wp-content\/uploads\/2025\/05\/cropped-Dizainas-be-pavadinimo-3-300x300.png 300w, https:\/\/talk2grow.lt\/wp-content\/uploads\/2025\/05\/cropped-Dizainas-be-pavadinimo-3-150x150.png 150w, https:\/\/talk2grow.lt\/wp-content\/uploads\/2025\/05\/cropped-Dizainas-be-pavadinimo-3-100x100.png 100w, https:\/\/talk2grow.lt\/wp-content\/uploads\/2025\/05\/cropped-Dizainas-be-pavadinimo-3-270x270.png 270w, https:\/\/talk2grow.lt\/wp-content\/uploads\/2025\/05\/cropped-Dizainas-be-pavadinimo-3-192x192.png 192w, https:\/\/talk2grow.lt\/wp-content\/uploads\/2025\/05\/cropped-Dizainas-be-pavadinimo-3-180x180.png 180w, https:\/\/talk2grow.lt\/wp-content\/uploads\/2025\/05\/cropped-Dizainas-be-pavadinimo-3-32x32.png 32w, https:\/\/talk2grow.lt\/wp-content\/uploads\/2025\/05\/cropped-Dizainas-be-pavadinimo-3.png 512w\" sizes=\"(max-width: 25px) 100vw, 25px\" \/>Talk2Grow Basic instrumentas \u2013 pokalbio strukt\u016bra, neformali forma<\/b><\/p>\n<p><span style=\"font-weight: 400;\">Tai gamybos arba prekybos vadovo ir darbuotojo (operatoriaus, pardav\u0117jo, kt.) dialogui skirtas instrumentas, padedantis lengvai pasiruo\u0161ti, vesti ir fiksuoti individualius pokalbius:<\/span><\/p>\n<ul>\n<li style=\"font-weight: 400;\" aria-level=\"1\"><strong>1<\/strong><b>00+ klausim\u0173<\/b><span style=\"font-weight: 400;\"> 3 tem\u0173 srityse (rezultatai, augimas, motyvacija)<\/span><\/li>\n<li style=\"font-weight: 400;\" aria-level=\"1\"><b>2 korteli\u0173 komplektai<\/b><span style=\"font-weight: 400;\"> \u2013 vienas vadovui, vienas darbuotojui<\/span><\/li>\n<li style=\"font-weight: 400;\" aria-level=\"1\"><b>Spalvin\u0117 sistema<\/b><span style=\"font-weight: 400;\"> padeda sukurti tem\u0173 balans\u0105<\/span><\/li>\n<li style=\"font-weight: 400;\" aria-level=\"1\"><b>Vaizdo pamokos vadovams ir darbuotojams<\/b><span style=\"font-weight: 400;\"> \u2013 kad b\u016bt\u0173 ai\u0161ku, kaip vesti pokalb\u012f<\/span><\/li>\n<li style=\"font-weight: 400;\" aria-level=\"1\"><b>\u017daidybiniai elementai<\/b><span style=\"font-weight: 400;\"> ma\u017eina \u012ftamp\u0105 ir kuria atvirumo atmosfer\u0105<\/span><\/li>\n<\/ul>\n<p><span style=\"font-weight: 400;\">Pokalbis tampa procesas, kuris kuria ry\u0161\u012f, sprend\u017eia problemas ir padeda komandai jud\u0117ti pirmyn.<\/span><\/p>\n<h4><span style=\"color: #191970;\"><b>Kaip rekomenduojame naudoti:<\/b><\/span><\/h4>\n<p><span style=\"font-weight: 400;\">Basic instrument\u0105 verta naudoti kartu su Classic individuali\u0173 pokalbi\u0173 besikei\u010dian\u010di\u0105 kult\u016br\u0105 kaskaduojant nuo auk\u0161tesni\u0173 vadov\u0173 \u017eemyn. Prad\u0117kite nuo Classic komplekto pokalbiams su gamybos vadovais (meistrais, pamain\u0173 vadovais, parduotuvi\u0173 vadovais ir pavaduotojais, kt.), o tuomet duokite jiems Basic komplektus, kad jie taip pat, tik papras\u010diau ir trumpiau, vest\u0173 pokalbius su jiems pavald\u017eiais gamybos ar prekybos darbuotojais.\u00a0<\/span><\/p>\n<p><span style=\"font-weight: 400;\">Instrument\u0105 galima naudoti tiek individualiai, tiek kartu su darbuotoju \u2013 tai sukuria bendr\u0105 pokalbio strukt\u016br\u0105, ma\u017eina \u012ftamp\u0105 ir didina \u012fsitraukim\u0105. Video pamokas naudinga per\u017ei\u016br\u0117ti prie\u0161 pirmus pokalbius.<\/span><\/p>\n<\/div>\n","protected":false},"excerpt":{"rendered":"<div class=\"elementor-element elementor-element-4257a5a elementor-headline--style-highlight elementor-widget elementor-widget-animated-headline\" data-id=\"4257a5a\" data-element_type=\"widget\" data-settings=\"{&quot;marker&quot;:&quot;double_underline&quot;,&quot;highlighted_text&quot;:&quot;iu0161moksite:&quot;,&quot;headline_style&quot;:&quot;highlight&quot;,&quot;loop&quot;:&quot;yes&quot;,&quot;highlight_animation_duration&quot;:1200,&quot;highlight_iteration_delay&quot;:8000}\" data-widget_type=\"animated-headline.default\">\n<div class=\"elementor-widget-container\">\n<p>Kai norite s\u0117kming\u0105 organizacijos individuali\u0173 pokalbi\u0173 kult\u016br\u0105 perkelti \u012f prekybos ar gamybos darbuotoj\u0173 gretas.<\/p>\n<p><a href=\"https:\/\/talk2grow.lt\/individualus-pokalbiai-1on1\/\">Skaityti daugiau apie produkt\u0105..\u00a0<\/a><\/p>\n<\/div>\n<\/div>\n","protected":false},"featured_media":1582,"comment_status":"closed","ping_status":"closed","template":"","meta":[],"product_brand":[],"product_cat":[23],"product_tag":[],"class_list":{"0":"post-736","1":"product","2":"type-product","3":"status-publish","4":"has-post-thumbnail","6":"product_cat-seminarai","8":"first","9":"instock","10":"taxable","11":"shipping-taxable","12":"purchasable","13":"product-type-simple"},"yoast_head":"<!-- This site is optimized with the Yoast SEO plugin v27.2 - https:\/\/yoast.com\/product\/yoast-seo-wordpress\/ -->\n<title>Talk2grow 1-on-1 Basic | Praktinis pokalbi\u0173 \u012frankis vadovui ir darbuotojui<\/title>\n<meta name=\"description\" content=\"\u201eTalk2Grow 1-on-1 Basic\u201c padeda vadovui ir darbuotojui lengvai pasiruo\u0161ti, vesti ir fiksuoti pokalbius. Papildykite savo komunikacij\u0105 praktiniu \u012frankiu \u2013 u\u017esisakykite dabar!\" \/>\n<meta name=\"robots\" content=\"index, follow, max-snippet:-1, max-image-preview:large, max-video-preview:-1\" \/>\n<link rel=\"canonical\" href=\"https:\/\/talk2grow.lt\/lt\/product\/pokalbiu-irankis-talk2grow-1-on-1-basic\/\" \/>\n<meta property=\"og:locale\" content=\"lt_LT\" \/>\n<meta property=\"og:type\" content=\"article\" \/>\n<meta property=\"og:title\" content=\"Talk2grow 1-on-1 Basic | Praktinis pokalbi\u0173 \u012frankis vadovui ir darbuotojui\" \/>\n<meta property=\"og:description\" content=\"\u201eTalk2Grow 1-on-1 Basic\u201c padeda vadovui ir darbuotojui lengvai pasiruo\u0161ti, vesti ir fiksuoti pokalbius. Papildykite savo komunikacij\u0105 praktiniu \u012frankiu \u2013 u\u017esisakykite dabar!\" \/>\n<meta property=\"og:url\" content=\"https:\/\/talk2grow.lt\/lt\/product\/pokalbiu-irankis-talk2grow-1-on-1-basic\/\" \/>\n<meta property=\"og:site_name\" content=\"Talk2grow\" \/>\n<meta property=\"article:modified_time\" content=\"2026-03-28T10:45:59+00:00\" \/>\n<meta property=\"og:image\" content=\"https:\/\/talk2grow.lt\/wp-content\/uploads\/2025\/05\/4.webp\" \/>\n\t<meta property=\"og:image:width\" content=\"1080\" \/>\n\t<meta property=\"og:image:height\" content=\"1080\" \/>\n\t<meta property=\"og:image:type\" content=\"image\/webp\" \/>\n<meta name=\"twitter:card\" content=\"summary_large_image\" \/>\n<meta name=\"twitter:label1\" content=\"Est. reading time\" \/>\n\t<meta name=\"twitter:data1\" content=\"2 minut\u0117s\" \/>\n<script type=\"application\/ld+json\" class=\"yoast-schema-graph\">{\"@context\":\"https:\/\/schema.org\",\"@graph\":[{\"@type\":\"WebPage\",\"@id\":\"https:\/\/talk2grow.lt\/product\/pokalbiu-irankis-talk2grow-1-on-1-basic\/\",\"url\":\"https:\/\/talk2grow.lt\/product\/pokalbiu-irankis-talk2grow-1-on-1-basic\/\",\"name\":\"Talk2grow 1-on-1 Basic | Praktinis pokalbi\u0173 \u012frankis vadovui ir darbuotojui\",\"isPartOf\":{\"@id\":\"https:\/\/talk2grow.lt\/#website\"},\"primaryImageOfPage\":{\"@id\":\"https:\/\/talk2grow.lt\/product\/pokalbiu-irankis-talk2grow-1-on-1-basic\/#primaryimage\"},\"image\":{\"@id\":\"https:\/\/talk2grow.lt\/product\/pokalbiu-irankis-talk2grow-1-on-1-basic\/#primaryimage\"},\"thumbnailUrl\":\"https:\/\/talk2grow.lt\/wp-content\/uploads\/2025\/05\/4.webp\",\"datePublished\":\"2025-05-18T19:30:44+00:00\",\"dateModified\":\"2026-03-28T10:45:59+00:00\",\"description\":\"\u201eTalk2Grow 1-on-1 Basic\u201c padeda vadovui ir darbuotojui lengvai pasiruo\u0161ti, vesti ir fiksuoti pokalbius. Papildykite savo komunikacij\u0105 praktiniu \u012frankiu \u2013 u\u017esisakykite dabar!\",\"breadcrumb\":{\"@id\":\"https:\/\/talk2grow.lt\/product\/pokalbiu-irankis-talk2grow-1-on-1-basic\/#breadcrumb\"},\"inLanguage\":\"lt-LT\",\"potentialAction\":[{\"@type\":\"ReadAction\",\"target\":[\"https:\/\/talk2grow.lt\/product\/pokalbiu-irankis-talk2grow-1-on-1-basic\/\"]}]},{\"@type\":\"ImageObject\",\"inLanguage\":\"lt-LT\",\"@id\":\"https:\/\/talk2grow.lt\/product\/pokalbiu-irankis-talk2grow-1-on-1-basic\/#primaryimage\",\"url\":\"https:\/\/talk2grow.lt\/wp-content\/uploads\/2025\/05\/4.webp\",\"contentUrl\":\"https:\/\/talk2grow.lt\/wp-content\/uploads\/2025\/05\/4.webp\",\"width\":1080,\"height\":1080},{\"@type\":\"BreadcrumbList\",\"@id\":\"https:\/\/talk2grow.lt\/product\/pokalbiu-irankis-talk2grow-1-on-1-basic\/#breadcrumb\",\"itemListElement\":[{\"@type\":\"ListItem\",\"position\":1,\"name\":\"Home\",\"item\":\"https:\/\/talk2grow.lt\/\"},{\"@type\":\"ListItem\",\"position\":2,\"name\":\"Parduotuv\u0117\",\"item\":\"https:\/\/talk2grow.lt\/parduotuve\/\"},{\"@type\":\"ListItem\",\"position\":3,\"name\":\"Pokalbi\u0173 \u012frankis \u2013 \u201cTalk2Grow 1-on-1 Basic\u201d\"}]},{\"@type\":\"WebSite\",\"@id\":\"https:\/\/talk2grow.lt\/#website\",\"url\":\"https:\/\/talk2grow.lt\/\",\"name\":\"Talk2grow\",\"description\":\"We make teams talk and grow\",\"publisher\":{\"@id\":\"https:\/\/talk2grow.lt\/#organization\"},\"potentialAction\":[{\"@type\":\"SearchAction\",\"target\":{\"@type\":\"EntryPoint\",\"urlTemplate\":\"https:\/\/talk2grow.lt\/?s={search_term_string}\"},\"query-input\":{\"@type\":\"PropertyValueSpecification\",\"valueRequired\":true,\"valueName\":\"search_term_string\"}}],\"inLanguage\":\"lt-LT\"},{\"@type\":\"Organization\",\"@id\":\"https:\/\/talk2grow.lt\/#organization\",\"name\":\"Talk2grow\",\"url\":\"https:\/\/talk2grow.lt\/\",\"logo\":{\"@type\":\"ImageObject\",\"inLanguage\":\"lt-LT\",\"@id\":\"https:\/\/talk2grow.lt\/#\/schema\/logo\/image\/\",\"url\":\"https:\/\/talk2grow.lt\/wp-content\/uploads\/2025\/03\/T2G-Primary-logo@4x.png\",\"contentUrl\":\"https:\/\/talk2grow.lt\/wp-content\/uploads\/2025\/03\/T2G-Primary-logo@4x.png\",\"width\":1985,\"height\":673,\"caption\":\"Talk2grow\"},\"image\":{\"@id\":\"https:\/\/talk2grow.lt\/#\/schema\/logo\/image\/\"},\"sameAs\":[\"https:\/\/www.linkedin.com\/company\/talk2growconversations\/\"]}]}<\/script>\n<!-- \/ Yoast SEO plugin. -->","yoast_head_json":{"title":"Talk2grow 1-on-1 Basic | Praktinis pokalbi\u0173 \u012frankis vadovui ir darbuotojui","description":"\u201eTalk2Grow 1-on-1 Basic\u201c padeda vadovui ir darbuotojui lengvai pasiruo\u0161ti, vesti ir fiksuoti pokalbius. Papildykite savo komunikacij\u0105 praktiniu \u012frankiu \u2013 u\u017esisakykite dabar!","robots":{"index":"index","follow":"follow","max-snippet":"max-snippet:-1","max-image-preview":"max-image-preview:large","max-video-preview":"max-video-preview:-1"},"canonical":"https:\/\/talk2grow.lt\/lt\/product\/pokalbiu-irankis-talk2grow-1-on-1-basic\/","og_locale":"lt_LT","og_type":"article","og_title":"Talk2grow 1-on-1 Basic | Praktinis pokalbi\u0173 \u012frankis vadovui ir darbuotojui","og_description":"\u201eTalk2Grow 1-on-1 Basic\u201c padeda vadovui ir darbuotojui lengvai pasiruo\u0161ti, vesti ir fiksuoti pokalbius. Papildykite savo komunikacij\u0105 praktiniu \u012frankiu \u2013 u\u017esisakykite dabar!","og_url":"https:\/\/talk2grow.lt\/lt\/product\/pokalbiu-irankis-talk2grow-1-on-1-basic\/","og_site_name":"Talk2grow","article_modified_time":"2026-03-28T10:45:59+00:00","og_image":[{"width":1080,"height":1080,"url":"https:\/\/talk2grow.lt\/wp-content\/uploads\/2025\/05\/4.webp","type":"image\/webp"}],"twitter_card":"summary_large_image","twitter_misc":{"Est. reading time":"2 minut\u0117s"},"schema":{"@context":"https:\/\/schema.org","@graph":[{"@type":"WebPage","@id":"https:\/\/talk2grow.lt\/product\/pokalbiu-irankis-talk2grow-1-on-1-basic\/","url":"https:\/\/talk2grow.lt\/product\/pokalbiu-irankis-talk2grow-1-on-1-basic\/","name":"Talk2grow 1-on-1 Basic | Praktinis pokalbi\u0173 \u012frankis vadovui ir darbuotojui","isPartOf":{"@id":"https:\/\/talk2grow.lt\/#website"},"primaryImageOfPage":{"@id":"https:\/\/talk2grow.lt\/product\/pokalbiu-irankis-talk2grow-1-on-1-basic\/#primaryimage"},"image":{"@id":"https:\/\/talk2grow.lt\/product\/pokalbiu-irankis-talk2grow-1-on-1-basic\/#primaryimage"},"thumbnailUrl":"https:\/\/talk2grow.lt\/wp-content\/uploads\/2025\/05\/4.webp","datePublished":"2025-05-18T19:30:44+00:00","dateModified":"2026-03-28T10:45:59+00:00","description":"\u201eTalk2Grow 1-on-1 Basic\u201c padeda vadovui ir darbuotojui lengvai pasiruo\u0161ti, vesti ir fiksuoti pokalbius. Papildykite savo komunikacij\u0105 praktiniu \u012frankiu \u2013 u\u017esisakykite dabar!","breadcrumb":{"@id":"https:\/\/talk2grow.lt\/product\/pokalbiu-irankis-talk2grow-1-on-1-basic\/#breadcrumb"},"inLanguage":"lt-LT","potentialAction":[{"@type":"ReadAction","target":["https:\/\/talk2grow.lt\/product\/pokalbiu-irankis-talk2grow-1-on-1-basic\/"]}]},{"@type":"ImageObject","inLanguage":"lt-LT","@id":"https:\/\/talk2grow.lt\/product\/pokalbiu-irankis-talk2grow-1-on-1-basic\/#primaryimage","url":"https:\/\/talk2grow.lt\/wp-content\/uploads\/2025\/05\/4.webp","contentUrl":"https:\/\/talk2grow.lt\/wp-content\/uploads\/2025\/05\/4.webp","width":1080,"height":1080},{"@type":"BreadcrumbList","@id":"https:\/\/talk2grow.lt\/product\/pokalbiu-irankis-talk2grow-1-on-1-basic\/#breadcrumb","itemListElement":[{"@type":"ListItem","position":1,"name":"Home","item":"https:\/\/talk2grow.lt\/"},{"@type":"ListItem","position":2,"name":"Parduotuv\u0117","item":"https:\/\/talk2grow.lt\/parduotuve\/"},{"@type":"ListItem","position":3,"name":"Pokalbi\u0173 \u012frankis \u2013 \u201cTalk2Grow 1-on-1 Basic\u201d"}]},{"@type":"WebSite","@id":"https:\/\/talk2grow.lt\/#website","url":"https:\/\/talk2grow.lt\/","name":"Talk2grow","description":"We make teams talk and grow","publisher":{"@id":"https:\/\/talk2grow.lt\/#organization"},"potentialAction":[{"@type":"SearchAction","target":{"@type":"EntryPoint","urlTemplate":"https:\/\/talk2grow.lt\/?s={search_term_string}"},"query-input":{"@type":"PropertyValueSpecification","valueRequired":true,"valueName":"search_term_string"}}],"inLanguage":"lt-LT"},{"@type":"Organization","@id":"https:\/\/talk2grow.lt\/#organization","name":"Talk2grow","url":"https:\/\/talk2grow.lt\/","logo":{"@type":"ImageObject","inLanguage":"lt-LT","@id":"https:\/\/talk2grow.lt\/#\/schema\/logo\/image\/","url":"https:\/\/talk2grow.lt\/wp-content\/uploads\/2025\/03\/T2G-Primary-logo@4x.png","contentUrl":"https:\/\/talk2grow.lt\/wp-content\/uploads\/2025\/03\/T2G-Primary-logo@4x.png","width":1985,"height":673,"caption":"Talk2grow"},"image":{"@id":"https:\/\/talk2grow.lt\/#\/schema\/logo\/image\/"},"sameAs":["https:\/\/www.linkedin.com\/company\/talk2growconversations\/"]}]}},"_links":{"self":[{"href":"https:\/\/talk2grow.lt\/lt\/wp-json\/wp\/v2\/product\/736","targetHints":{"allow":["GET"]}}],"collection":[{"href":"https:\/\/talk2grow.lt\/lt\/wp-json\/wp\/v2\/product"}],"about":[{"href":"https:\/\/talk2grow.lt\/lt\/wp-json\/wp\/v2\/types\/product"}],"replies":[{"embeddable":true,"href":"https:\/\/talk2grow.lt\/lt\/wp-json\/wp\/v2\/comments?post=736"}],"version-history":[{"count":8,"href":"https:\/\/talk2grow.lt\/lt\/wp-json\/wp\/v2\/product\/736\/revisions"}],"predecessor-version":[{"id":1746,"href":"https:\/\/talk2grow.lt\/lt\/wp-json\/wp\/v2\/product\/736\/revisions\/1746"}],"wp:featuredmedia":[{"embeddable":true,"href":"https:\/\/talk2grow.lt\/lt\/wp-json\/wp\/v2\/media\/1582"}],"wp:attachment":[{"href":"https:\/\/talk2grow.lt\/lt\/wp-json\/wp\/v2\/media?parent=736"}],"wp:term":[{"taxonomy":"product_brand","embeddable":true,"href":"https:\/\/talk2grow.lt\/lt\/wp-json\/wp\/v2\/product_brand?post=736"},{"taxonomy":"product_cat","embeddable":true,"href":"https:\/\/talk2grow.lt\/lt\/wp-json\/wp\/v2\/product_cat?post=736"},{"taxonomy":"product_tag","embeddable":true,"href":"https:\/\/talk2grow.lt\/lt\/wp-json\/wp\/v2\/product_tag?post=736"}],"curies":[{"name":"wp","href":"https:\/\/api.w.org\/{rel}","templated":true}]}}