{"id":1930,"date":"2025-10-24T15:13:24","date_gmt":"2025-10-24T13:13:24","guid":{"rendered":"https:\/\/talk2grow.lt\/?page_id=1930"},"modified":"2025-11-03T00:59:48","modified_gmt":"2025-11-02T22:59:48","slug":"fasilitavimas-produktas","status":"publish","type":"page","link":"https:\/\/talk2grow.lt\/lt\/fasilitavimas-produktas\/","title":{"rendered":"Fasilitavimas-produktas"},"content":{"rendered":"\t\t<div data-elementor-type=\"wp-page\" data-elementor-id=\"1930\" class=\"elementor elementor-1930\" data-elementor-post-type=\"page\">\n\t\t\t\t\t\t<section class=\"elementor-section elementor-top-section elementor-element elementor-element-17300cb elementor-section-boxed elementor-section-height-default elementor-section-height-default\" data-id=\"17300cb\" data-element_type=\"section\" data-e-type=\"section\">\n\t\t\t\t\t\t<div class=\"elementor-container elementor-column-gap-default\">\n\t\t\t\t\t<div class=\"elementor-column elementor-col-50 elementor-top-column elementor-element elementor-element-a2cfb1b\" data-id=\"a2cfb1b\" data-element_type=\"column\" data-e-type=\"column\">\n\t\t\t<div class=\"elementor-widget-wrap elementor-element-populated\">\n\t\t\t\t\t\t<div class=\"elementor-element elementor-element-3e6a7b1 elementor-widget elementor-widget-image\" data-id=\"3e6a7b1\" data-element_type=\"widget\" data-e-type=\"widget\" data-widget_type=\"image.default\">\n\t\t\t\t<div class=\"elementor-widget-container\">\n\t\t\t\t\t\t\t\t\t\t\t\t\t\t\t<img fetchpriority=\"high\" decoding=\"async\" width=\"1875\" height=\"1875\" src=\"https:\/\/talk2grow.lt\/wp-content\/uploads\/2025\/05\/t2g-talk-2-grow-miroslavas-monkevicius-fasilitavimas-1.webp\" class=\"attachment-full size-full wp-image-2025\" alt=\"\" srcset=\"https:\/\/talk2grow.lt\/wp-content\/uploads\/2025\/05\/t2g-talk-2-grow-miroslavas-monkevicius-fasilitavimas-1.webp 1875w, https:\/\/talk2grow.lt\/wp-content\/uploads\/2025\/05\/t2g-talk-2-grow-miroslavas-monkevicius-fasilitavimas-1-300x300.webp 300w, https:\/\/talk2grow.lt\/wp-content\/uploads\/2025\/05\/t2g-talk-2-grow-miroslavas-monkevicius-fasilitavimas-1-1024x1024.webp 1024w, https:\/\/talk2grow.lt\/wp-content\/uploads\/2025\/05\/t2g-talk-2-grow-miroslavas-monkevicius-fasilitavimas-1-150x150.webp 150w, https:\/\/talk2grow.lt\/wp-content\/uploads\/2025\/05\/t2g-talk-2-grow-miroslavas-monkevicius-fasilitavimas-1-768x768.webp 768w, https:\/\/talk2grow.lt\/wp-content\/uploads\/2025\/05\/t2g-talk-2-grow-miroslavas-monkevicius-fasilitavimas-1-1536x1536.webp 1536w, https:\/\/talk2grow.lt\/wp-content\/uploads\/2025\/05\/t2g-talk-2-grow-miroslavas-monkevicius-fasilitavimas-1-12x12.webp 12w, https:\/\/talk2grow.lt\/wp-content\/uploads\/2025\/05\/t2g-talk-2-grow-miroslavas-monkevicius-fasilitavimas-1-600x600.webp 600w, https:\/\/talk2grow.lt\/wp-content\/uploads\/2025\/05\/t2g-talk-2-grow-miroslavas-monkevicius-fasilitavimas-1-100x100.webp 100w\" sizes=\"(max-width: 1875px) 100vw, 1875px\" \/>\t\t\t\t\t\t\t\t\t\t\t\t\t\t\t<\/div>\n\t\t\t\t<\/div>\n\t\t\t\t\t<\/div>\n\t\t<\/div>\n\t\t\t\t<div class=\"elementor-column elementor-col-50 elementor-top-column elementor-element elementor-element-51aa099\" data-id=\"51aa099\" data-element_type=\"column\" data-e-type=\"column\">\n\t\t\t<div class=\"elementor-widget-wrap elementor-element-populated\">\n\t\t\t\t\t\t<div class=\"elementor-element elementor-element-b41d8bb elementor-widget elementor-widget-heading\" data-id=\"b41d8bb\" data-element_type=\"widget\" data-e-type=\"widget\" data-widget_type=\"heading.default\">\n\t\t\t\t<div class=\"elementor-widget-container\">\n\t\t\t\t\t<h2 class=\"elementor-heading-title elementor-size-default\">Fasilitavimas<\/h2>\t\t\t\t<\/div>\n\t\t\t\t<\/div>\n\t\t\t\t<div class=\"elementor-element elementor-element-8feab4d elementor-widget elementor-widget-text-editor\" data-id=\"8feab4d\" data-element_type=\"widget\" data-e-type=\"widget\" data-widget_type=\"text-editor.default\">\n\t\t\t\t<div class=\"elementor-widget-container\">\n\t\t\t\t\t\t\t\t\t<p>Padedame komandoms susikalb\u0117ti, priimti sprendimus ir ambicingai jud\u0117ti pirmyn.<br \/>Fasilitavimas \u2013 tai profesionalus grupi\u0173 darbo vedimas, kai neutrali tre\u010dioji \u0161alis sukuria saugi\u0105 erdv\u0119, strukt\u016br\u0105 ir proces\u0105, kad dalyviai patys pasiekt\u0173 ai\u0161kius rezultatus. Kitaip tariant, tai geb\u0117jimas \u201epadaryti lengviau\u201c \u2013 nuo sud\u0117ting\u0173 diskusij\u0173 iki sprendim\u0173 pri\u0117mimo.<\/p>\t\t\t\t\t\t\t\t<\/div>\n\t\t\t\t<\/div>\n\t\t\t\t<div class=\"elementor-element elementor-element-26c6103 elementor-widget elementor-widget-text-editor\" data-id=\"26c6103\" data-element_type=\"widget\" data-e-type=\"widget\" data-widget_type=\"text-editor.default\">\n\t\t\t\t<div class=\"elementor-widget-container\">\n\t\t\t\t\t\t\t\t\t<p><a href=\"https:\/\/talk2grow.lt\/lt\/fasilitavimas\">Skaityti daugiau apie produkt\u0105&#8230;<\/a><\/p>\t\t\t\t\t\t\t\t<\/div>\n\t\t\t\t<\/div>\n\t\t\t\t<div class=\"elementor-element elementor-element-f75c98b elementor-widget elementor-widget-spacer\" data-id=\"f75c98b\" data-element_type=\"widget\" data-e-type=\"widget\" data-widget_type=\"spacer.default\">\n\t\t\t\t<div class=\"elementor-widget-container\">\n\t\t\t\t\t\t\t<div class=\"elementor-spacer\">\n\t\t\t<div class=\"elementor-spacer-inner\"><\/div>\n\t\t<\/div>\n\t\t\t\t\t\t<\/div>\n\t\t\t\t<\/div>\n\t\t\t\t<div class=\"elementor-element elementor-element-838fb4a elementor-align-center elementor-widget elementor-widget-button\" data-id=\"838fb4a\" data-element_type=\"widget\" data-e-type=\"widget\" data-widget_type=\"button.default\">\n\t\t\t\t<div class=\"elementor-widget-container\">\n\t\t\t\t\t\t\t\t\t<div class=\"elementor-button-wrapper\">\n\t\t\t\t\t<a class=\"elementor-button elementor-button-link elementor-size-sm\" href=\"#elementor-action%3Aaction%3Dpopup%3Aopen%26settings%3DeyJpZCI6IjEwNzMiLCJ0b2dnbGUiOmZhbHNlfQ%3D%3D\">\n\t\t\t\t\t\t<span class=\"elementor-button-content-wrapper\">\n\t\t\t\t\t\t\t\t\t<span class=\"elementor-button-text\">REZERVUOTI LAIK\u0104<\/span>\n\t\t\t\t\t<\/span>\n\t\t\t\t\t<\/a>\n\t\t\t\t<\/div>\n\t\t\t\t\t\t\t\t<\/div>\n\t\t\t\t<\/div>\n\t\t\t\t\t<\/div>\n\t\t<\/div>\n\t\t\t\t\t<\/div>\n\t\t<\/section>\n\t\t\t\t<section class=\"elementor-section elementor-top-section elementor-element elementor-element-89c6a90 elementor-section-boxed elementor-section-height-default elementor-section-height-default\" data-id=\"89c6a90\" data-element_type=\"section\" data-e-type=\"section\">\n\t\t\t\t\t\t<div class=\"elementor-container elementor-column-gap-default\">\n\t\t\t\t\t<div class=\"elementor-column elementor-col-100 elementor-top-column elementor-element elementor-element-c2957d2\" data-id=\"c2957d2\" data-element_type=\"column\" data-e-type=\"column\">\n\t\t\t<div class=\"elementor-widget-wrap elementor-element-populated\">\n\t\t\t\t\t\t<div class=\"elementor-element elementor-element-3ff256e elementor-headline--style-highlight elementor-widget elementor-widget-animated-headline\" data-id=\"3ff256e\" data-element_type=\"widget\" data-e-type=\"widget\" data-settings=\"{&quot;marker&quot;:&quot;double_underline&quot;,&quot;highlighted_text&quot;:&quot;verta&quot;,&quot;headline_style&quot;:&quot;highlight&quot;,&quot;highlight_animation_duration&quot;:1200}\" data-widget_type=\"animated-headline.default\">\n\t\t\t\t<div class=\"elementor-widget-container\">\n\t\t\t\t\t\t\t<h3 class=\"elementor-headline\">\n\t\t\t\t\t<span class=\"elementor-headline-plain-text elementor-headline-text-wrapper\">Kada<\/span>\n\t\t\t\t<span class=\"elementor-headline-dynamic-wrapper elementor-headline-text-wrapper\">\n\t\t\t\t\t<span class=\"elementor-headline-dynamic-text elementor-headline-text-active\">verta<\/span>\n\t\t\t\t<\/span>\n\t\t\t\t\t<span class=\"elementor-headline-plain-text elementor-headline-text-wrapper\">rinktis fasilitavim\u0105?<\/span>\n\t\t\t\t\t<\/h3>\n\t\t\t\t\t\t<\/div>\n\t\t\t\t<\/div>\n\t\t\t\t<div class=\"elementor-element elementor-element-206229b elementor-widget elementor-widget-text-editor\" data-id=\"206229b\" data-element_type=\"widget\" data-e-type=\"widget\" data-widget_type=\"text-editor.default\">\n\t\t\t\t<div class=\"elementor-widget-container\">\n\t\t\t\t\t\t\t\t\t<ul><li>Strategin\u0117s sesijos ir prioritet\u0173 derinimas;<\/li><li>Poky\u010di\u0173 ir reorganizacij\u0173 aptarimai;<\/li><li>Tarpfunkcini\u0173 komand\u0173 \u201eu\u017estrigusios\u201c temos;<\/li><li>Produkt\u0173\/operacij\u0173 problem\u0173 sprendimas, \u201eideation\u201c k\u016brybin\u0117s dirbtuv\u0117s;<\/li><li>Vertybi\u0173\/komandos princip\u0173 i\u0161gryninimas ir susitarimai;<\/li><li>Sud\u0117tingi interes\u0173 derinimo susitikimai su daug suinteresuot\u0173j\u0173 pusi\u0173.<\/li><\/ul>\t\t\t\t\t\t\t\t<\/div>\n\t\t\t\t<\/div>\n\t\t\t\t\t<\/div>\n\t\t<\/div>\n\t\t\t\t\t<\/div>\n\t\t<\/section>\n\t\t\t\t<section class=\"elementor-section elementor-top-section elementor-element elementor-element-c843ed4 elementor-section-boxed elementor-section-height-default elementor-section-height-default\" data-id=\"c843ed4\" data-element_type=\"section\" data-e-type=\"section\">\n\t\t\t\t\t\t<div class=\"elementor-container elementor-column-gap-default\">\n\t\t\t\t\t<div class=\"elementor-column elementor-col-100 elementor-top-column elementor-element elementor-element-5ec208d\" data-id=\"5ec208d\" data-element_type=\"column\" data-e-type=\"column\">\n\t\t\t<div class=\"elementor-widget-wrap elementor-element-populated\">\n\t\t\t\t\t\t<div class=\"elementor-element elementor-element-77df6e4 elementor-headline--style-highlight elementor-widget elementor-widget-animated-headline\" data-id=\"77df6e4\" data-element_type=\"widget\" data-e-type=\"widget\" data-settings=\"{&quot;marker&quot;:&quot;double_underline&quot;,&quot;highlighted_text&quot;:&quot;gaunate&quot;,&quot;headline_style&quot;:&quot;highlight&quot;,&quot;highlight_animation_duration&quot;:1200}\" data-widget_type=\"animated-headline.default\">\n\t\t\t\t<div class=\"elementor-widget-container\">\n\t\t\t\t\t\t\t<h3 class=\"elementor-headline\">\n\t\t\t\t\t<span class=\"elementor-headline-plain-text elementor-headline-text-wrapper\">Rezultatai, kuriuos <\/span>\n\t\t\t\t<span class=\"elementor-headline-dynamic-wrapper elementor-headline-text-wrapper\">\n\t\t\t\t\t<span class=\"elementor-headline-dynamic-text elementor-headline-text-active\">gaunate<\/span>\n\t\t\t\t<\/span>\n\t\t\t\t<\/h3>\n\t\t\t\t\t\t<\/div>\n\t\t\t\t<\/div>\n\t\t\t\t<div class=\"elementor-element elementor-element-5ef50b4 elementor-widget elementor-widget-text-editor\" data-id=\"5ef50b4\" data-element_type=\"widget\" data-e-type=\"widget\" data-widget_type=\"text-editor.default\">\n\t\t\t\t<div class=\"elementor-widget-container\">\n\t\t\t\t\t\t\t\t\t<ul><li>Ai\u0161kiai \u012fvardinti sprendimai ir prioritetai;<\/li><li>Suderintos nuostatos, taisykl\u0117s ir \u201ekas u\u017e k\u0105 atsakingas\u201c;<\/li><li>Konkreti veiksm\u0173 lentel\u0117 su terminais;<\/li><li>Dalijamasi nuosavyb\u0117: sprendimai priimti kartu, tod\u0117l geriau \u012fgyvendinami.<\/li><\/ul>\t\t\t\t\t\t\t\t<\/div>\n\t\t\t\t<\/div>\n\t\t\t\t\t<\/div>\n\t\t<\/div>\n\t\t\t\t\t<\/div>\n\t\t<\/section>\n\t\t\t\t<\/div>\n\t\t","protected":false},"excerpt":{"rendered":"<p>Fasilitavimas Padedame komandoms susikalb\u0117ti, priimti sprendimus ir ambicingai jud\u0117ti pirmyn.Fasilitavimas \u2013 tai profesionalus grupi\u0173 darbo vedimas, kai neutrali tre\u010dioji \u0161alis sukuria saugi\u0105 erdv\u0119, strukt\u016br\u0105 ir proces\u0105, kad dalyviai patys pasiekt\u0173 ai\u0161kius rezultatus. Kitaip tariant, tai geb\u0117jimas \u201epadaryti lengviau\u201c \u2013 nuo sud\u0117ting\u0173 diskusij\u0173 iki sprendim\u0173 pri\u0117mimo. Skaityti daugiau apie produkt\u0105&#8230; REZERVUOTI LAIK\u0104 Kada verta rinktis fasilitavim\u0105? [&hellip;]<\/p>\n","protected":false},"author":1,"featured_media":2025,"parent":0,"menu_order":0,"comment_status":"closed","ping_status":"closed","template":"","meta":{"footnotes":""},"class_list":["post-1930","page","type-page","status-publish","has-post-thumbnail","hentry"],"yoast_head":"<!-- This site is optimized with the Yoast SEO plugin v27.2 - https:\/\/yoast.com\/product\/yoast-seo-wordpress\/ -->\n<title>Fasilitavimas-produktas - Talk2grow<\/title>\n<meta name=\"robots\" content=\"index, follow, max-snippet:-1, max-image-preview:large, max-video-preview:-1\" \/>\n<link rel=\"canonical\" href=\"https:\/\/talk2grow.lt\/lt\/fasilitavimas-produktas\/\" \/>\n<meta property=\"og:locale\" content=\"lt_LT\" \/>\n<meta property=\"og:type\" content=\"article\" \/>\n<meta property=\"og:title\" content=\"Fasilitavimas-produktas - Talk2grow\" \/>\n<meta property=\"og:description\" content=\"Fasilitavimas Padedame komandoms susikalb\u0117ti, priimti sprendimus ir ambicingai jud\u0117ti pirmyn.Fasilitavimas \u2013 tai profesionalus grupi\u0173 darbo vedimas, kai neutrali tre\u010dioji \u0161alis sukuria saugi\u0105 erdv\u0119, strukt\u016br\u0105 ir proces\u0105, kad dalyviai patys pasiekt\u0173 ai\u0161kius rezultatus. Kitaip tariant, tai geb\u0117jimas \u201epadaryti lengviau\u201c \u2013 nuo sud\u0117ting\u0173 diskusij\u0173 iki sprendim\u0173 pri\u0117mimo. Skaityti daugiau apie produkt\u0105&#8230; REZERVUOTI LAIK\u0104 Kada verta rinktis fasilitavim\u0105? [&hellip;]\" \/>\n<meta property=\"og:url\" content=\"https:\/\/talk2grow.lt\/lt\/fasilitavimas-produktas\/\" \/>\n<meta property=\"og:site_name\" content=\"Talk2grow\" \/>\n<meta property=\"article:modified_time\" content=\"2025-11-02T22:59:48+00:00\" \/>\n<meta property=\"og:image\" content=\"https:\/\/talk2grow.lt\/wp-content\/uploads\/2025\/05\/t2g-talk-2-grow-miroslavas-monkevicius-fasilitavimas-1.webp\" \/>\n\t<meta property=\"og:image:width\" content=\"1875\" \/>\n\t<meta property=\"og:image:height\" content=\"1875\" \/>\n\t<meta property=\"og:image:type\" content=\"image\/webp\" \/>\n<meta name=\"twitter:card\" content=\"summary_large_image\" \/>\n<meta name=\"twitter:label1\" content=\"Est. reading time\" \/>\n\t<meta name=\"twitter:data1\" content=\"1 minut\u0117\" \/>\n<script type=\"application\/ld+json\" class=\"yoast-schema-graph\">{\"@context\":\"https:\/\/schema.org\",\"@graph\":[{\"@type\":\"WebPage\",\"@id\":\"https:\/\/talk2grow.lt\/lt\/fasilitavimas-produktas\/\",\"url\":\"https:\/\/talk2grow.lt\/lt\/fasilitavimas-produktas\/\",\"name\":\"Fasilitavimas-produktas - Talk2grow\",\"isPartOf\":{\"@id\":\"https:\/\/talk2grow.lt\/#website\"},\"primaryImageOfPage\":{\"@id\":\"https:\/\/talk2grow.lt\/lt\/fasilitavimas-produktas\/#primaryimage\"},\"image\":{\"@id\":\"https:\/\/talk2grow.lt\/lt\/fasilitavimas-produktas\/#primaryimage\"},\"thumbnailUrl\":\"https:\/\/talk2grow.lt\/wp-content\/uploads\/2025\/05\/t2g-talk-2-grow-miroslavas-monkevicius-fasilitavimas-1.webp\",\"datePublished\":\"2025-10-24T13:13:24+00:00\",\"dateModified\":\"2025-11-02T22:59:48+00:00\",\"breadcrumb\":{\"@id\":\"https:\/\/talk2grow.lt\/lt\/fasilitavimas-produktas\/#breadcrumb\"},\"inLanguage\":\"lt-LT\",\"potentialAction\":[{\"@type\":\"ReadAction\",\"target\":[\"https:\/\/talk2grow.lt\/lt\/fasilitavimas-produktas\/\"]}]},{\"@type\":\"ImageObject\",\"inLanguage\":\"lt-LT\",\"@id\":\"https:\/\/talk2grow.lt\/lt\/fasilitavimas-produktas\/#primaryimage\",\"url\":\"https:\/\/talk2grow.lt\/wp-content\/uploads\/2025\/05\/t2g-talk-2-grow-miroslavas-monkevicius-fasilitavimas-1.webp\",\"contentUrl\":\"https:\/\/talk2grow.lt\/wp-content\/uploads\/2025\/05\/t2g-talk-2-grow-miroslavas-monkevicius-fasilitavimas-1.webp\",\"width\":1875,\"height\":1875},{\"@type\":\"BreadcrumbList\",\"@id\":\"https:\/\/talk2grow.lt\/lt\/fasilitavimas-produktas\/#breadcrumb\",\"itemListElement\":[{\"@type\":\"ListItem\",\"position\":1,\"name\":\"Home\",\"item\":\"https:\/\/talk2grow.lt\/\"},{\"@type\":\"ListItem\",\"position\":2,\"name\":\"Fasilitavimas-produktas\"}]},{\"@type\":\"WebSite\",\"@id\":\"https:\/\/talk2grow.lt\/#website\",\"url\":\"https:\/\/talk2grow.lt\/\",\"name\":\"Talk2grow\",\"description\":\"We make teams talk and grow\",\"publisher\":{\"@id\":\"https:\/\/talk2grow.lt\/#organization\"},\"potentialAction\":[{\"@type\":\"SearchAction\",\"target\":{\"@type\":\"EntryPoint\",\"urlTemplate\":\"https:\/\/talk2grow.lt\/?s={search_term_string}\"},\"query-input\":{\"@type\":\"PropertyValueSpecification\",\"valueRequired\":true,\"valueName\":\"search_term_string\"}}],\"inLanguage\":\"lt-LT\"},{\"@type\":\"Organization\",\"@id\":\"https:\/\/talk2grow.lt\/#organization\",\"name\":\"Talk2grow\",\"url\":\"https:\/\/talk2grow.lt\/\",\"logo\":{\"@type\":\"ImageObject\",\"inLanguage\":\"lt-LT\",\"@id\":\"https:\/\/talk2grow.lt\/#\/schema\/logo\/image\/\",\"url\":\"https:\/\/talk2grow.lt\/wp-content\/uploads\/2025\/03\/T2G-Primary-logo@4x.png\",\"contentUrl\":\"https:\/\/talk2grow.lt\/wp-content\/uploads\/2025\/03\/T2G-Primary-logo@4x.png\",\"width\":1985,\"height\":673,\"caption\":\"Talk2grow\"},\"image\":{\"@id\":\"https:\/\/talk2grow.lt\/#\/schema\/logo\/image\/\"},\"sameAs\":[\"https:\/\/www.linkedin.com\/company\/talk2growconversations\/\"]}]}<\/script>\n<!-- \/ Yoast SEO plugin. -->","yoast_head_json":{"title":"Fasilitavimas-produktas - Talk2grow","robots":{"index":"index","follow":"follow","max-snippet":"max-snippet:-1","max-image-preview":"max-image-preview:large","max-video-preview":"max-video-preview:-1"},"canonical":"https:\/\/talk2grow.lt\/lt\/fasilitavimas-produktas\/","og_locale":"lt_LT","og_type":"article","og_title":"Fasilitavimas-produktas - Talk2grow","og_description":"Fasilitavimas Padedame komandoms susikalb\u0117ti, priimti sprendimus ir ambicingai jud\u0117ti pirmyn.Fasilitavimas \u2013 tai profesionalus grupi\u0173 darbo vedimas, kai neutrali tre\u010dioji \u0161alis sukuria saugi\u0105 erdv\u0119, strukt\u016br\u0105 ir proces\u0105, kad dalyviai patys pasiekt\u0173 ai\u0161kius rezultatus. Kitaip tariant, tai geb\u0117jimas \u201epadaryti lengviau\u201c \u2013 nuo sud\u0117ting\u0173 diskusij\u0173 iki sprendim\u0173 pri\u0117mimo. Skaityti daugiau apie produkt\u0105&#8230; REZERVUOTI LAIK\u0104 Kada verta rinktis fasilitavim\u0105? [&hellip;]","og_url":"https:\/\/talk2grow.lt\/lt\/fasilitavimas-produktas\/","og_site_name":"Talk2grow","article_modified_time":"2025-11-02T22:59:48+00:00","og_image":[{"width":1875,"height":1875,"url":"https:\/\/talk2grow.lt\/wp-content\/uploads\/2025\/05\/t2g-talk-2-grow-miroslavas-monkevicius-fasilitavimas-1.webp","type":"image\/webp"}],"twitter_card":"summary_large_image","twitter_misc":{"Est. reading time":"1 minut\u0117"},"schema":{"@context":"https:\/\/schema.org","@graph":[{"@type":"WebPage","@id":"https:\/\/talk2grow.lt\/lt\/fasilitavimas-produktas\/","url":"https:\/\/talk2grow.lt\/lt\/fasilitavimas-produktas\/","name":"Fasilitavimas-produktas - Talk2grow","isPartOf":{"@id":"https:\/\/talk2grow.lt\/#website"},"primaryImageOfPage":{"@id":"https:\/\/talk2grow.lt\/lt\/fasilitavimas-produktas\/#primaryimage"},"image":{"@id":"https:\/\/talk2grow.lt\/lt\/fasilitavimas-produktas\/#primaryimage"},"thumbnailUrl":"https:\/\/talk2grow.lt\/wp-content\/uploads\/2025\/05\/t2g-talk-2-grow-miroslavas-monkevicius-fasilitavimas-1.webp","datePublished":"2025-10-24T13:13:24+00:00","dateModified":"2025-11-02T22:59:48+00:00","breadcrumb":{"@id":"https:\/\/talk2grow.lt\/lt\/fasilitavimas-produktas\/#breadcrumb"},"inLanguage":"lt-LT","potentialAction":[{"@type":"ReadAction","target":["https:\/\/talk2grow.lt\/lt\/fasilitavimas-produktas\/"]}]},{"@type":"ImageObject","inLanguage":"lt-LT","@id":"https:\/\/talk2grow.lt\/lt\/fasilitavimas-produktas\/#primaryimage","url":"https:\/\/talk2grow.lt\/wp-content\/uploads\/2025\/05\/t2g-talk-2-grow-miroslavas-monkevicius-fasilitavimas-1.webp","contentUrl":"https:\/\/talk2grow.lt\/wp-content\/uploads\/2025\/05\/t2g-talk-2-grow-miroslavas-monkevicius-fasilitavimas-1.webp","width":1875,"height":1875},{"@type":"BreadcrumbList","@id":"https:\/\/talk2grow.lt\/lt\/fasilitavimas-produktas\/#breadcrumb","itemListElement":[{"@type":"ListItem","position":1,"name":"Home","item":"https:\/\/talk2grow.lt\/"},{"@type":"ListItem","position":2,"name":"Fasilitavimas-produktas"}]},{"@type":"WebSite","@id":"https:\/\/talk2grow.lt\/#website","url":"https:\/\/talk2grow.lt\/","name":"Talk2grow","description":"We make teams talk and grow","publisher":{"@id":"https:\/\/talk2grow.lt\/#organization"},"potentialAction":[{"@type":"SearchAction","target":{"@type":"EntryPoint","urlTemplate":"https:\/\/talk2grow.lt\/?s={search_term_string}"},"query-input":{"@type":"PropertyValueSpecification","valueRequired":true,"valueName":"search_term_string"}}],"inLanguage":"lt-LT"},{"@type":"Organization","@id":"https:\/\/talk2grow.lt\/#organization","name":"Talk2grow","url":"https:\/\/talk2grow.lt\/","logo":{"@type":"ImageObject","inLanguage":"lt-LT","@id":"https:\/\/talk2grow.lt\/#\/schema\/logo\/image\/","url":"https:\/\/talk2grow.lt\/wp-content\/uploads\/2025\/03\/T2G-Primary-logo@4x.png","contentUrl":"https:\/\/talk2grow.lt\/wp-content\/uploads\/2025\/03\/T2G-Primary-logo@4x.png","width":1985,"height":673,"caption":"Talk2grow"},"image":{"@id":"https:\/\/talk2grow.lt\/#\/schema\/logo\/image\/"},"sameAs":["https:\/\/www.linkedin.com\/company\/talk2growconversations\/"]}]}},"_links":{"self":[{"href":"https:\/\/talk2grow.lt\/lt\/wp-json\/wp\/v2\/pages\/1930","targetHints":{"allow":["GET"]}}],"collection":[{"href":"https:\/\/talk2grow.lt\/lt\/wp-json\/wp\/v2\/pages"}],"about":[{"href":"https:\/\/talk2grow.lt\/lt\/wp-json\/wp\/v2\/types\/page"}],"author":[{"embeddable":true,"href":"https:\/\/talk2grow.lt\/lt\/wp-json\/wp\/v2\/users\/1"}],"replies":[{"embeddable":true,"href":"https:\/\/talk2grow.lt\/lt\/wp-json\/wp\/v2\/comments?post=1930"}],"version-history":[{"count":16,"href":"https:\/\/talk2grow.lt\/lt\/wp-json\/wp\/v2\/pages\/1930\/revisions"}],"predecessor-version":[{"id":2030,"href":"https:\/\/talk2grow.lt\/lt\/wp-json\/wp\/v2\/pages\/1930\/revisions\/2030"}],"wp:featuredmedia":[{"embeddable":true,"href":"https:\/\/talk2grow.lt\/lt\/wp-json\/wp\/v2\/media\/2025"}],"wp:attachment":[{"href":"https:\/\/talk2grow.lt\/lt\/wp-json\/wp\/v2\/media?parent=1930"}],"curies":[{"name":"wp","href":"https:\/\/api.w.org\/{rel}","templated":true}]}}