{"id":1663,"date":"2025-08-09T16:05:22","date_gmt":"2025-08-09T14:05:22","guid":{"rendered":"https:\/\/talk2grow.lt\/?page_id=1663"},"modified":"2025-10-26T00:21:19","modified_gmt":"2025-10-25T22:21:19","slug":"organizacijos-1-on-1-pokalbiu-kulturos-kurimas","status":"publish","type":"page","link":"https:\/\/talk2grow.lt\/lt\/organizacijos-1-on-1-pokalbiu-kulturos-kurimas\/","title":{"rendered":"Organizacijos 1-on-1 pokalbi\u0173 kult\u016bros k\u016brimas"},"content":{"rendered":"\t\t<div data-elementor-type=\"wp-page\" data-elementor-id=\"1663\" class=\"elementor elementor-1663\" data-elementor-post-type=\"page\">\n\t\t\t\t\t\t<section class=\"elementor-section elementor-top-section elementor-element elementor-element-0bf9550 elementor-section-boxed elementor-section-height-default elementor-section-height-default\" data-id=\"0bf9550\" data-element_type=\"section\" data-e-type=\"section\">\n\t\t\t\t\t\t<div class=\"elementor-container elementor-column-gap-default\">\n\t\t\t\t\t<div class=\"elementor-column elementor-col-50 elementor-top-column elementor-element elementor-element-34e57cb\" data-id=\"34e57cb\" data-element_type=\"column\" data-e-type=\"column\">\n\t\t\t<div class=\"elementor-widget-wrap elementor-element-populated\">\n\t\t\t\t\t\t<div class=\"elementor-element elementor-element-9f667d4 elementor-widget elementor-widget-image\" data-id=\"9f667d4\" data-element_type=\"widget\" data-e-type=\"widget\" data-widget_type=\"image.default\">\n\t\t\t\t<div class=\"elementor-widget-container\">\n\t\t\t\t\t\t\t\t\t\t\t\t\t\t\t<img fetchpriority=\"high\" decoding=\"async\" width=\"1080\" height=\"1080\" src=\"https:\/\/talk2grow.lt\/wp-content\/uploads\/2025\/05\/7.webp\" class=\"attachment-full size-full wp-image-1591\" alt=\"\" srcset=\"https:\/\/talk2grow.lt\/wp-content\/uploads\/2025\/05\/7.webp 1080w, https:\/\/talk2grow.lt\/wp-content\/uploads\/2025\/05\/7-300x300.webp 300w, https:\/\/talk2grow.lt\/wp-content\/uploads\/2025\/05\/7-1024x1024.webp 1024w, https:\/\/talk2grow.lt\/wp-content\/uploads\/2025\/05\/7-150x150.webp 150w, https:\/\/talk2grow.lt\/wp-content\/uploads\/2025\/05\/7-768x768.webp 768w, https:\/\/talk2grow.lt\/wp-content\/uploads\/2025\/05\/7-600x600.webp 600w, https:\/\/talk2grow.lt\/wp-content\/uploads\/2025\/05\/7-100x100.webp 100w\" sizes=\"(max-width: 1080px) 100vw, 1080px\" \/>\t\t\t\t\t\t\t\t\t\t\t\t\t\t\t<\/div>\n\t\t\t\t<\/div>\n\t\t\t\t\t<\/div>\n\t\t<\/div>\n\t\t\t\t<div class=\"elementor-column elementor-col-50 elementor-top-column elementor-element elementor-element-d6ab8ef\" data-id=\"d6ab8ef\" data-element_type=\"column\" data-e-type=\"column\">\n\t\t\t<div class=\"elementor-widget-wrap elementor-element-populated\">\n\t\t\t\t\t\t<div class=\"elementor-element elementor-element-e5d9ed5 elementor-widget elementor-widget-heading\" data-id=\"e5d9ed5\" data-element_type=\"widget\" data-e-type=\"widget\" data-widget_type=\"heading.default\">\n\t\t\t\t<div class=\"elementor-widget-container\">\n\t\t\t\t\t<h2 class=\"elementor-heading-title elementor-size-default\">Organizacijos 1-on-1 pokalbi\u0173 kult\u016bros k\u016brimas<\/h2>\t\t\t\t<\/div>\n\t\t\t\t<\/div>\n\t\t\t\t<div class=\"elementor-element elementor-element-ddd42fd elementor-widget elementor-widget-text-editor\" data-id=\"ddd42fd\" data-element_type=\"widget\" data-e-type=\"widget\" data-widget_type=\"text-editor.default\">\n\t\t\t\t<div class=\"elementor-widget-container\">\n\t\t\t\t\t\t\t\t\t<p>Tinka, kai norite organizacijoje sukurti veikian\u010di\u0105, visiems ai\u0161ki\u0105 ir pritaikyt\u0105 pokalbi\u0173 kult\u016br\u0105.<\/p>\t\t\t\t\t\t\t\t<\/div>\n\t\t\t\t<\/div>\n\t\t\t\t<div class=\"elementor-element elementor-element-351fd69 elementor-widget elementor-widget-text-editor\" data-id=\"351fd69\" data-element_type=\"widget\" data-e-type=\"widget\" data-widget_type=\"text-editor.default\">\n\t\t\t\t<div class=\"elementor-widget-container\">\n\t\t\t\t\t\t\t\t\t<p><a href=\"https:\/\/talk2grow.lt\/individualus-pokalbiai-1on1\/\">Skaityti daugiau apie produkt\u0105&#8230;<\/a><\/p>\t\t\t\t\t\t\t\t<\/div>\n\t\t\t\t<\/div>\n\t\t\t\t<div class=\"elementor-element elementor-element-3ad84a6 elementor-widget elementor-widget-spacer\" data-id=\"3ad84a6\" data-element_type=\"widget\" data-e-type=\"widget\" data-widget_type=\"spacer.default\">\n\t\t\t\t<div class=\"elementor-widget-container\">\n\t\t\t\t\t\t\t<div class=\"elementor-spacer\">\n\t\t\t<div class=\"elementor-spacer-inner\"><\/div>\n\t\t<\/div>\n\t\t\t\t\t\t<\/div>\n\t\t\t\t<\/div>\n\t\t\t\t<div class=\"elementor-element elementor-element-e72e99b elementor-align-center elementor-widget elementor-widget-button\" data-id=\"e72e99b\" data-element_type=\"widget\" data-e-type=\"widget\" data-widget_type=\"button.default\">\n\t\t\t\t<div class=\"elementor-widget-container\">\n\t\t\t\t\t\t\t\t\t<div class=\"elementor-button-wrapper\">\n\t\t\t\t\t<a class=\"elementor-button elementor-button-link elementor-size-sm\" href=\"#elementor-action%3Aaction%3Dpopup%3Aopen%26settings%3DeyJpZCI6IjEwNzMiLCJ0b2dnbGUiOmZhbHNlfQ%3D%3D\">\n\t\t\t\t\t\t<span class=\"elementor-button-content-wrapper\">\n\t\t\t\t\t\t\t\t\t<span class=\"elementor-button-text\">REZERVUOTI LAIK\u0104<\/span>\n\t\t\t\t\t<\/span>\n\t\t\t\t\t<\/a>\n\t\t\t\t<\/div>\n\t\t\t\t\t\t\t\t<\/div>\n\t\t\t\t<\/div>\n\t\t\t\t\t<\/div>\n\t\t<\/div>\n\t\t\t\t\t<\/div>\n\t\t<\/section>\n\t\t\t\t<section class=\"elementor-section elementor-top-section elementor-element elementor-element-82c7df5 elementor-section-boxed elementor-section-height-default elementor-section-height-default\" data-id=\"82c7df5\" data-element_type=\"section\" data-e-type=\"section\">\n\t\t\t\t\t\t<div class=\"elementor-container elementor-column-gap-default\">\n\t\t\t\t\t<div class=\"elementor-column elementor-col-100 elementor-top-column elementor-element elementor-element-34fa0cf\" data-id=\"34fa0cf\" data-element_type=\"column\" data-e-type=\"column\">\n\t\t\t<div class=\"elementor-widget-wrap elementor-element-populated\">\n\t\t\t\t\t\t<div class=\"elementor-element elementor-element-ca1cc0e elementor-widget elementor-widget-text-editor\" data-id=\"ca1cc0e\" data-element_type=\"widget\" data-e-type=\"widget\" data-widget_type=\"text-editor.default\">\n\t\t\t\t<div class=\"elementor-widget-container\">\n\t\t\t\t\t\t\t\t\t<h3><span style=\"color: #191970;\"><b>K\u0105 gausite:<\/b><\/span><\/h3><p><b><img decoding=\"async\" class=\"wp-image-567 alignleft\" src=\"https:\/\/talk2grow.lt\/wp-content\/uploads\/2025\/05\/cropped-Dizainas-be-pavadinimo-3-300x300.png\" sizes=\"(max-width: 25px) 100vw, 25px\" srcset=\"https:\/\/talk2grow.lt\/wp-content\/uploads\/2025\/05\/cropped-Dizainas-be-pavadinimo-3-300x300.png 300w, https:\/\/talk2grow.lt\/wp-content\/uploads\/2025\/05\/cropped-Dizainas-be-pavadinimo-3-150x150.png 150w, https:\/\/talk2grow.lt\/wp-content\/uploads\/2025\/05\/cropped-Dizainas-be-pavadinimo-3-100x100.png 100w, https:\/\/talk2grow.lt\/wp-content\/uploads\/2025\/05\/cropped-Dizainas-be-pavadinimo-3-270x270.png 270w, https:\/\/talk2grow.lt\/wp-content\/uploads\/2025\/05\/cropped-Dizainas-be-pavadinimo-3-192x192.png 192w, https:\/\/talk2grow.lt\/wp-content\/uploads\/2025\/05\/cropped-Dizainas-be-pavadinimo-3-180x180.png 180w, https:\/\/talk2grow.lt\/wp-content\/uploads\/2025\/05\/cropped-Dizainas-be-pavadinimo-3-32x32.png 32w, https:\/\/talk2grow.lt\/wp-content\/uploads\/2025\/05\/cropped-Dizainas-be-pavadinimo-3.png 512w\" alt=\"\" width=\"25\" height=\"25\" \/><span style=\"color: #191970;\">Talk2Grow instrumentas \u2013 pokalbio strukt\u016bra, neformali forma<\/span><\/b><\/p><p>Sutarta imtis vadov\u0173, kurie bus i\u0161mokinti vesti individualius pokalbius, gaus Classic (jei pokalbius veda su administracijos bei kit\u0173 ne gamybini\u0173 pereig\u0173 darbuotojmas bei vidurin\u0117s grandies vadovams) arba Basic (jei pokalbius veda su gamybos arba prekybos darbuotojams) komplekt\u0105 \u2013 priklausomai, kokie darbuotojams vadovauja.\u00a0<\/p><p>Pokalbis tampa procesas, kuris kuria ry\u0161\u012f, sprend\u017eia problemas ir padeda komandai jud\u0117ti pirmyn.<\/p><ul><li aria-level=\"1\"><b><span style=\"color: #191970;\">Vaizdo pamokos ir mokym\u0173 med\u017eiaga <br \/><\/span><\/b>Praktiniai \u012fra\u0161ai, paai\u0161kinantys, kaip naudoti instrument\u0105 ir kurti pasitik\u0117jimu gr\u012fst\u0105 dialog\u0105. \u0160iuos instrumentus bei video mokymus gal\u0117site naudoti organizacijoje visuose lygmenyse.<\/li><\/ul><ul><li aria-level=\"1\"><span style=\"color: #191970;\"><b>Pirminis tyrimas ir vertinimas<br \/><\/b><\/span>Analizuojame esam\u0105 situacij\u0105 \u2013 kaip pokalbiai vyksta, kur stringa, ko tikisi vadovai ir darbuotojai.<\/li><\/ul><ul><li aria-level=\"1\"><b><span style=\"color: #191970;\">6 m\u0117nesi\u0173 konsultacinis procesas<\/span><br \/><\/b>Vadovai ir darbuotojai mokosi vesti sisteminius 1-on-1 pokalbius, kurie integruojasi \u012f kasdien\u0119 darbo kult\u016br\u0105.<\/li><\/ul><ul><li aria-level=\"1\"><b><span style=\"color: #191970;\">Pokalbi\u0173 proces\u0173 apra\u0161yma<\/span>s<br \/><\/b>Sukuriami organizaciniai standartai \u2013 kaip, kada ir kam vyksta 1-on-1, kokia strukt\u016bra, atsakomyb\u0117s, t\u0119stinumas.<\/li><\/ul><ul><li aria-level=\"1\"><span style=\"color: #191970;\"><b>Sinchronizacija su kitais procesais<br \/><\/b><\/span>Pokalbiai tampa integruota dalimi metini\u0173 vertinim\u0173, veiklos aptarim\u0173 ir kit\u0173 strategini\u0173 sesij\u0173.<\/li><\/ul><ul><li aria-level=\"1\"><span style=\"color: #191970;\"><b>Vadov\u0173 praktika su konsultantu<br \/><\/b><\/span>Vadovai veda pokalbius kartu su konsultantu, kuris stebi eig\u0105, padeda koreguoti, spr\u0119sti i\u0161\u0161\u016bkius realioje situacijoje.<\/li><\/ul><ul><li aria-level=\"1\"><b><span style=\"color: #191970;\">Baigiamasis vertinimas<\/span><br \/><\/b>Po 4\u20139 m\u0117nesi\u0173 \u012fvertiname poky\u010dius, kult\u016brin\u012f poslink\u012f ir vadov\u0173 brand\u0105.<\/li><\/ul><p><span style=\"color: #191970;\"><b>Kaip rekomenduojame naudoti:<\/b><\/span><br \/>\u0160is paketas leid\u017eia sukurti tvari\u0105, veikiant\u012f pokalbi\u0173 sistem\u0105 visai organizacijai \u2013 nuo strategijos iki kasdien\u0117s praktikos.<\/p>\t\t\t\t\t\t\t\t<\/div>\n\t\t\t\t<\/div>\n\t\t\t\t<div class=\"elementor-element elementor-element-d5931cd elementor-align-left elementor-mobile-align-center elementor-widget elementor-widget-button\" data-id=\"d5931cd\" data-element_type=\"widget\" data-e-type=\"widget\" data-widget_type=\"button.default\">\n\t\t\t\t<div class=\"elementor-widget-container\">\n\t\t\t\t\t\t\t\t\t<div class=\"elementor-button-wrapper\">\n\t\t\t\t\t<a class=\"elementor-button elementor-button-link elementor-size-sm\" href=\"#elementor-action%3Aaction%3Dpopup%3Aopen%26settings%3DeyJpZCI6IjEwNzMiLCJ0b2dnbGUiOmZhbHNlfQ%3D%3D\">\n\t\t\t\t\t\t<span class=\"elementor-button-content-wrapper\">\n\t\t\t\t\t\t\t\t\t<span class=\"elementor-button-text\">REZERVUOTI LAIK\u0104<\/span>\n\t\t\t\t\t<\/span>\n\t\t\t\t\t<\/a>\n\t\t\t\t<\/div>\n\t\t\t\t\t\t\t\t<\/div>\n\t\t\t\t<\/div>\n\t\t\t\t\t<\/div>\n\t\t<\/div>\n\t\t\t\t\t<\/div>\n\t\t<\/section>\n\t\t\t\t<\/div>\n\t\t","protected":false},"excerpt":{"rendered":"<p>Organizacijos 1-on-1 pokalbi\u0173 kult\u016bros k\u016brimas Tinka, kai norite organizacijoje sukurti veikian\u010di\u0105, visiems ai\u0161ki\u0105 ir pritaikyt\u0105 pokalbi\u0173 kult\u016br\u0105. Skaityti daugiau apie produkt\u0105&#8230; REZERVUOTI LAIK\u0104 K\u0105 gausite: Talk2Grow instrumentas \u2013 pokalbio strukt\u016bra, neformali forma Sutarta imtis vadov\u0173, kurie bus i\u0161mokinti vesti individualius pokalbius, gaus Classic (jei pokalbius veda su administracijos bei kit\u0173 ne gamybini\u0173 pereig\u0173 darbuotojmas bei [&hellip;]<\/p>\n","protected":false},"author":1,"featured_media":1591,"parent":0,"menu_order":0,"comment_status":"closed","ping_status":"closed","template":"","meta":{"footnotes":""},"class_list":["post-1663","page","type-page","status-publish","has-post-thumbnail","hentry"],"yoast_head":"<!-- This site is optimized with the Yoast SEO plugin v27.2 - https:\/\/yoast.com\/product\/yoast-seo-wordpress\/ -->\n<title>Organizacijos 1-on-1 pokalbi\u0173 kult\u016bra | Talk2grow sprendimas<\/title>\n<meta name=\"description\" content=\"Sukurkite tvari\u0105 1-on-1 pokalbi\u0173 kult\u016br\u0105 su TALK2GROW: strukt\u016bruoti susitikimai, \u017eaismingi instrumentai ir komunikacijos transformacija. \u012egalinkite savo vadovus \u0161iandien \u2013 susisiekite!\" \/>\n<meta name=\"robots\" content=\"index, follow, max-snippet:-1, max-image-preview:large, max-video-preview:-1\" \/>\n<link rel=\"canonical\" href=\"https:\/\/talk2grow.lt\/lt\/organizacijos-1-on-1-pokalbiu-kulturos-kurimas\/\" \/>\n<meta property=\"og:locale\" content=\"lt_LT\" \/>\n<meta property=\"og:type\" content=\"article\" \/>\n<meta property=\"og:title\" content=\"Organizacijos 1-on-1 pokalbi\u0173 kult\u016bra | Talk2grow sprendimas\" \/>\n<meta property=\"og:description\" content=\"Sukurkite tvari\u0105 1-on-1 pokalbi\u0173 kult\u016br\u0105 su TALK2GROW: strukt\u016bruoti susitikimai, \u017eaismingi instrumentai ir komunikacijos transformacija. \u012egalinkite savo vadovus \u0161iandien \u2013 susisiekite!\" \/>\n<meta property=\"og:url\" content=\"https:\/\/talk2grow.lt\/lt\/organizacijos-1-on-1-pokalbiu-kulturos-kurimas\/\" \/>\n<meta property=\"og:site_name\" content=\"Talk2grow\" \/>\n<meta property=\"article:modified_time\" content=\"2025-10-25T22:21:19+00:00\" \/>\n<meta property=\"og:image\" content=\"https:\/\/talk2grow.lt\/wp-content\/uploads\/2025\/05\/7.webp\" \/>\n\t<meta property=\"og:image:width\" content=\"1080\" \/>\n\t<meta property=\"og:image:height\" content=\"1080\" \/>\n\t<meta property=\"og:image:type\" content=\"image\/webp\" \/>\n<meta name=\"twitter:card\" content=\"summary_large_image\" \/>\n<meta name=\"twitter:label1\" content=\"Est. reading time\" \/>\n\t<meta name=\"twitter:data1\" content=\"2 minut\u0117s\" \/>\n<script type=\"application\/ld+json\" class=\"yoast-schema-graph\">{\"@context\":\"https:\/\/schema.org\",\"@graph\":[{\"@type\":\"WebPage\",\"@id\":\"https:\/\/talk2grow.lt\/lt\/organizacijos-1-on-1-pokalbiu-kulturos-kurimas\/\",\"url\":\"https:\/\/talk2grow.lt\/lt\/organizacijos-1-on-1-pokalbiu-kulturos-kurimas\/\",\"name\":\"Organizacijos 1-on-1 pokalbi\u0173 kult\u016bra | Talk2grow sprendimas\",\"isPartOf\":{\"@id\":\"https:\/\/talk2grow.lt\/#website\"},\"primaryImageOfPage\":{\"@id\":\"https:\/\/talk2grow.lt\/lt\/organizacijos-1-on-1-pokalbiu-kulturos-kurimas\/#primaryimage\"},\"image\":{\"@id\":\"https:\/\/talk2grow.lt\/lt\/organizacijos-1-on-1-pokalbiu-kulturos-kurimas\/#primaryimage\"},\"thumbnailUrl\":\"https:\/\/talk2grow.lt\/wp-content\/uploads\/2025\/05\/7.webp\",\"datePublished\":\"2025-08-09T14:05:22+00:00\",\"dateModified\":\"2025-10-25T22:21:19+00:00\",\"description\":\"Sukurkite tvari\u0105 1-on-1 pokalbi\u0173 kult\u016br\u0105 su TALK2GROW: strukt\u016bruoti susitikimai, \u017eaismingi instrumentai ir komunikacijos transformacija. \u012egalinkite savo vadovus \u0161iandien \u2013 susisiekite!\",\"breadcrumb\":{\"@id\":\"https:\/\/talk2grow.lt\/lt\/organizacijos-1-on-1-pokalbiu-kulturos-kurimas\/#breadcrumb\"},\"inLanguage\":\"lt-LT\",\"potentialAction\":[{\"@type\":\"ReadAction\",\"target\":[\"https:\/\/talk2grow.lt\/lt\/organizacijos-1-on-1-pokalbiu-kulturos-kurimas\/\"]}]},{\"@type\":\"ImageObject\",\"inLanguage\":\"lt-LT\",\"@id\":\"https:\/\/talk2grow.lt\/lt\/organizacijos-1-on-1-pokalbiu-kulturos-kurimas\/#primaryimage\",\"url\":\"https:\/\/talk2grow.lt\/wp-content\/uploads\/2025\/05\/7.webp\",\"contentUrl\":\"https:\/\/talk2grow.lt\/wp-content\/uploads\/2025\/05\/7.webp\",\"width\":1080,\"height\":1080},{\"@type\":\"BreadcrumbList\",\"@id\":\"https:\/\/talk2grow.lt\/lt\/organizacijos-1-on-1-pokalbiu-kulturos-kurimas\/#breadcrumb\",\"itemListElement\":[{\"@type\":\"ListItem\",\"position\":1,\"name\":\"Home\",\"item\":\"https:\/\/talk2grow.lt\/\"},{\"@type\":\"ListItem\",\"position\":2,\"name\":\"Organizacijos 1-on-1 pokalbi\u0173 kult\u016bros k\u016brimas\"}]},{\"@type\":\"WebSite\",\"@id\":\"https:\/\/talk2grow.lt\/#website\",\"url\":\"https:\/\/talk2grow.lt\/\",\"name\":\"Talk2grow\",\"description\":\"We make teams talk and grow\",\"publisher\":{\"@id\":\"https:\/\/talk2grow.lt\/#organization\"},\"potentialAction\":[{\"@type\":\"SearchAction\",\"target\":{\"@type\":\"EntryPoint\",\"urlTemplate\":\"https:\/\/talk2grow.lt\/?s={search_term_string}\"},\"query-input\":{\"@type\":\"PropertyValueSpecification\",\"valueRequired\":true,\"valueName\":\"search_term_string\"}}],\"inLanguage\":\"lt-LT\"},{\"@type\":\"Organization\",\"@id\":\"https:\/\/talk2grow.lt\/#organization\",\"name\":\"Talk2grow\",\"url\":\"https:\/\/talk2grow.lt\/\",\"logo\":{\"@type\":\"ImageObject\",\"inLanguage\":\"lt-LT\",\"@id\":\"https:\/\/talk2grow.lt\/#\/schema\/logo\/image\/\",\"url\":\"https:\/\/talk2grow.lt\/wp-content\/uploads\/2025\/03\/T2G-Primary-logo@4x.png\",\"contentUrl\":\"https:\/\/talk2grow.lt\/wp-content\/uploads\/2025\/03\/T2G-Primary-logo@4x.png\",\"width\":1985,\"height\":673,\"caption\":\"Talk2grow\"},\"image\":{\"@id\":\"https:\/\/talk2grow.lt\/#\/schema\/logo\/image\/\"},\"sameAs\":[\"https:\/\/www.linkedin.com\/company\/talk2growconversations\/\"]}]}<\/script>\n<!-- \/ Yoast SEO plugin. -->","yoast_head_json":{"title":"Organizacijos 1-on-1 pokalbi\u0173 kult\u016bra | Talk2grow sprendimas","description":"Sukurkite tvari\u0105 1-on-1 pokalbi\u0173 kult\u016br\u0105 su TALK2GROW: strukt\u016bruoti susitikimai, \u017eaismingi instrumentai ir komunikacijos transformacija. \u012egalinkite savo vadovus \u0161iandien \u2013 susisiekite!","robots":{"index":"index","follow":"follow","max-snippet":"max-snippet:-1","max-image-preview":"max-image-preview:large","max-video-preview":"max-video-preview:-1"},"canonical":"https:\/\/talk2grow.lt\/lt\/organizacijos-1-on-1-pokalbiu-kulturos-kurimas\/","og_locale":"lt_LT","og_type":"article","og_title":"Organizacijos 1-on-1 pokalbi\u0173 kult\u016bra | Talk2grow sprendimas","og_description":"Sukurkite tvari\u0105 1-on-1 pokalbi\u0173 kult\u016br\u0105 su TALK2GROW: strukt\u016bruoti susitikimai, \u017eaismingi instrumentai ir komunikacijos transformacija. \u012egalinkite savo vadovus \u0161iandien \u2013 susisiekite!","og_url":"https:\/\/talk2grow.lt\/lt\/organizacijos-1-on-1-pokalbiu-kulturos-kurimas\/","og_site_name":"Talk2grow","article_modified_time":"2025-10-25T22:21:19+00:00","og_image":[{"width":1080,"height":1080,"url":"https:\/\/talk2grow.lt\/wp-content\/uploads\/2025\/05\/7.webp","type":"image\/webp"}],"twitter_card":"summary_large_image","twitter_misc":{"Est. reading time":"2 minut\u0117s"},"schema":{"@context":"https:\/\/schema.org","@graph":[{"@type":"WebPage","@id":"https:\/\/talk2grow.lt\/lt\/organizacijos-1-on-1-pokalbiu-kulturos-kurimas\/","url":"https:\/\/talk2grow.lt\/lt\/organizacijos-1-on-1-pokalbiu-kulturos-kurimas\/","name":"Organizacijos 1-on-1 pokalbi\u0173 kult\u016bra | Talk2grow sprendimas","isPartOf":{"@id":"https:\/\/talk2grow.lt\/#website"},"primaryImageOfPage":{"@id":"https:\/\/talk2grow.lt\/lt\/organizacijos-1-on-1-pokalbiu-kulturos-kurimas\/#primaryimage"},"image":{"@id":"https:\/\/talk2grow.lt\/lt\/organizacijos-1-on-1-pokalbiu-kulturos-kurimas\/#primaryimage"},"thumbnailUrl":"https:\/\/talk2grow.lt\/wp-content\/uploads\/2025\/05\/7.webp","datePublished":"2025-08-09T14:05:22+00:00","dateModified":"2025-10-25T22:21:19+00:00","description":"Sukurkite tvari\u0105 1-on-1 pokalbi\u0173 kult\u016br\u0105 su TALK2GROW: strukt\u016bruoti susitikimai, \u017eaismingi instrumentai ir komunikacijos transformacija. \u012egalinkite savo vadovus \u0161iandien \u2013 susisiekite!","breadcrumb":{"@id":"https:\/\/talk2grow.lt\/lt\/organizacijos-1-on-1-pokalbiu-kulturos-kurimas\/#breadcrumb"},"inLanguage":"lt-LT","potentialAction":[{"@type":"ReadAction","target":["https:\/\/talk2grow.lt\/lt\/organizacijos-1-on-1-pokalbiu-kulturos-kurimas\/"]}]},{"@type":"ImageObject","inLanguage":"lt-LT","@id":"https:\/\/talk2grow.lt\/lt\/organizacijos-1-on-1-pokalbiu-kulturos-kurimas\/#primaryimage","url":"https:\/\/talk2grow.lt\/wp-content\/uploads\/2025\/05\/7.webp","contentUrl":"https:\/\/talk2grow.lt\/wp-content\/uploads\/2025\/05\/7.webp","width":1080,"height":1080},{"@type":"BreadcrumbList","@id":"https:\/\/talk2grow.lt\/lt\/organizacijos-1-on-1-pokalbiu-kulturos-kurimas\/#breadcrumb","itemListElement":[{"@type":"ListItem","position":1,"name":"Home","item":"https:\/\/talk2grow.lt\/"},{"@type":"ListItem","position":2,"name":"Organizacijos 1-on-1 pokalbi\u0173 kult\u016bros k\u016brimas"}]},{"@type":"WebSite","@id":"https:\/\/talk2grow.lt\/#website","url":"https:\/\/talk2grow.lt\/","name":"Talk2grow","description":"We make teams talk and grow","publisher":{"@id":"https:\/\/talk2grow.lt\/#organization"},"potentialAction":[{"@type":"SearchAction","target":{"@type":"EntryPoint","urlTemplate":"https:\/\/talk2grow.lt\/?s={search_term_string}"},"query-input":{"@type":"PropertyValueSpecification","valueRequired":true,"valueName":"search_term_string"}}],"inLanguage":"lt-LT"},{"@type":"Organization","@id":"https:\/\/talk2grow.lt\/#organization","name":"Talk2grow","url":"https:\/\/talk2grow.lt\/","logo":{"@type":"ImageObject","inLanguage":"lt-LT","@id":"https:\/\/talk2grow.lt\/#\/schema\/logo\/image\/","url":"https:\/\/talk2grow.lt\/wp-content\/uploads\/2025\/03\/T2G-Primary-logo@4x.png","contentUrl":"https:\/\/talk2grow.lt\/wp-content\/uploads\/2025\/03\/T2G-Primary-logo@4x.png","width":1985,"height":673,"caption":"Talk2grow"},"image":{"@id":"https:\/\/talk2grow.lt\/#\/schema\/logo\/image\/"},"sameAs":["https:\/\/www.linkedin.com\/company\/talk2growconversations\/"]}]}},"_links":{"self":[{"href":"https:\/\/talk2grow.lt\/lt\/wp-json\/wp\/v2\/pages\/1663","targetHints":{"allow":["GET"]}}],"collection":[{"href":"https:\/\/talk2grow.lt\/lt\/wp-json\/wp\/v2\/pages"}],"about":[{"href":"https:\/\/talk2grow.lt\/lt\/wp-json\/wp\/v2\/types\/page"}],"author":[{"embeddable":true,"href":"https:\/\/talk2grow.lt\/lt\/wp-json\/wp\/v2\/users\/1"}],"replies":[{"embeddable":true,"href":"https:\/\/talk2grow.lt\/lt\/wp-json\/wp\/v2\/comments?post=1663"}],"version-history":[{"count":25,"href":"https:\/\/talk2grow.lt\/lt\/wp-json\/wp\/v2\/pages\/1663\/revisions"}],"predecessor-version":[{"id":1997,"href":"https:\/\/talk2grow.lt\/lt\/wp-json\/wp\/v2\/pages\/1663\/revisions\/1997"}],"wp:featuredmedia":[{"embeddable":true,"href":"https:\/\/talk2grow.lt\/lt\/wp-json\/wp\/v2\/media\/1591"}],"wp:attachment":[{"href":"https:\/\/talk2grow.lt\/lt\/wp-json\/wp\/v2\/media?parent=1663"}],"curies":[{"name":"wp","href":"https:\/\/api.w.org\/{rel}","templated":true}]}}