{"id":1638,"date":"2025-08-09T15:52:35","date_gmt":"2025-08-09T13:52:35","guid":{"rendered":"https:\/\/talk2grow.lt\/?page_id=1638"},"modified":"2025-10-26T00:23:44","modified_gmt":"2025-10-25T22:23:44","slug":"vadovu-grupes-paruosimas","status":"publish","type":"page","link":"https:\/\/talk2grow.lt\/lt\/vadovu-grupes-paruosimas\/","title":{"rendered":"Vadov\u0173 grup\u0117s paruo\u0161imas"},"content":{"rendered":"\t\t<div data-elementor-type=\"wp-page\" data-elementor-id=\"1638\" class=\"elementor elementor-1638\" data-elementor-post-type=\"page\">\n\t\t\t\t\t\t<section class=\"elementor-section elementor-top-section elementor-element elementor-element-4af8830 elementor-section-boxed elementor-section-height-default elementor-section-height-default\" data-id=\"4af8830\" data-element_type=\"section\" data-e-type=\"section\">\n\t\t\t\t\t\t<div class=\"elementor-container elementor-column-gap-default\">\n\t\t\t\t\t<div class=\"elementor-column elementor-col-50 elementor-top-column elementor-element elementor-element-8881e41\" data-id=\"8881e41\" data-element_type=\"column\" data-e-type=\"column\">\n\t\t\t<div class=\"elementor-widget-wrap elementor-element-populated\">\n\t\t\t\t\t\t<div class=\"elementor-element elementor-element-2cb9ced elementor-widget elementor-widget-image\" data-id=\"2cb9ced\" data-element_type=\"widget\" data-e-type=\"widget\" data-widget_type=\"image.default\">\n\t\t\t\t<div class=\"elementor-widget-container\">\n\t\t\t\t\t\t\t\t\t\t\t\t\t\t\t<img fetchpriority=\"high\" decoding=\"async\" width=\"1080\" height=\"1080\" src=\"https:\/\/talk2grow.lt\/wp-content\/uploads\/2025\/05\/6.webp\" class=\"attachment-full size-full wp-image-1588\" alt=\"\" srcset=\"https:\/\/talk2grow.lt\/wp-content\/uploads\/2025\/05\/6.webp 1080w, https:\/\/talk2grow.lt\/wp-content\/uploads\/2025\/05\/6-300x300.webp 300w, https:\/\/talk2grow.lt\/wp-content\/uploads\/2025\/05\/6-1024x1024.webp 1024w, https:\/\/talk2grow.lt\/wp-content\/uploads\/2025\/05\/6-150x150.webp 150w, https:\/\/talk2grow.lt\/wp-content\/uploads\/2025\/05\/6-768x768.webp 768w, https:\/\/talk2grow.lt\/wp-content\/uploads\/2025\/05\/6-600x600.webp 600w, https:\/\/talk2grow.lt\/wp-content\/uploads\/2025\/05\/6-100x100.webp 100w\" sizes=\"(max-width: 1080px) 100vw, 1080px\" \/>\t\t\t\t\t\t\t\t\t\t\t\t\t\t\t<\/div>\n\t\t\t\t<\/div>\n\t\t\t\t\t<\/div>\n\t\t<\/div>\n\t\t\t\t<div class=\"elementor-column elementor-col-50 elementor-top-column elementor-element elementor-element-fa17603\" data-id=\"fa17603\" data-element_type=\"column\" data-e-type=\"column\">\n\t\t\t<div class=\"elementor-widget-wrap elementor-element-populated\">\n\t\t\t\t\t\t<div class=\"elementor-element elementor-element-cef8384 elementor-widget elementor-widget-heading\" data-id=\"cef8384\" data-element_type=\"widget\" data-e-type=\"widget\" data-widget_type=\"heading.default\">\n\t\t\t\t<div class=\"elementor-widget-container\">\n\t\t\t\t\t<h2 class=\"elementor-heading-title elementor-size-default\">Vadov\u0173 grup\u0117s paruo\u0161imas<\/h2>\t\t\t\t<\/div>\n\t\t\t\t<\/div>\n\t\t\t\t<div class=\"elementor-element elementor-element-5eebcab elementor-widget elementor-widget-text-editor\" data-id=\"5eebcab\" data-element_type=\"widget\" data-e-type=\"widget\" data-widget_type=\"text-editor.default\">\n\t\t\t\t<div class=\"elementor-widget-container\">\n\t\t\t\t\t\t\t\t\t<p><b>\u0160is pasirinkimas tinka, kai:<\/b><br \/>Turite vadov\u0173 komand\u0105 ir norite, kad jie ne tik i\u0161mokt\u0173, bet ir prad\u0117t\u0173 realiai taikyti susirinkim\u0173 vedimo \u012fg\u016bd\u017eius.<\/p><p><b>K\u0105 gausite:<\/b><\/p><ul><li aria-level=\"1\"><b>Vidinis seminaras<\/b>\u00a0\u2013 viena diena su j\u016bs\u0173 komanda, adaptuota pagal j\u016bs\u0173 organizacij\u0105.<\/li><li aria-level=\"1\"><b>5 susirinkim\u0173 steb\u0117jimai<\/b>\u00a0\u2013 su dviem moderatoriais kiekviename, gr\u012f\u017etamasis ry\u0161ys realiu metu.<\/li><li aria-level=\"1\"><b>3 m\u0117nesi\u0173 praktika<\/b>\u00a0\u2013 refleksiniai susitikimai su konsultantu ir mokymasis i\u0161 patirties.<\/li><li aria-level=\"1\"><b>6 m\u0117nesi\u0173 palaikymas<\/b>\u00a0\u2013 moderatori\u0173 grup\u0117 ilgalaikiam augimui.<\/li><\/ul><p><br \/>J\u016bs sukursite tvari\u0105 vadov\u0173 praktik\u0105 \u2013 vadovai ne tik i\u0161moks, bet ir reguliariai ves susirinkimus pagal nauj\u0105 model\u012f.<\/p><p><b>Kaip rekomenduojame naudoti:<\/b><br \/>\u0160is paketas efektyviausias 8\u201312 vadov\u0173 komandai. Steb\u0117jimus verta planuoti kas 1\u20132 savaites, kad vykt\u0173 nuoseklus mokymasis, o grupin\u0117 refleksija sustiprint\u0173 poky\u010dio \u012ftvirtinim\u0105.<\/p>\t\t\t\t\t\t\t\t<\/div>\n\t\t\t\t<\/div>\n\t\t\t\t<div class=\"elementor-element elementor-element-68a36f5 elementor-widget elementor-widget-text-editor\" data-id=\"68a36f5\" data-element_type=\"widget\" data-e-type=\"widget\" data-widget_type=\"text-editor.default\">\n\t\t\t\t<div class=\"elementor-widget-container\">\n\t\t\t\t\t\t\t\t\t<p><a href=\"https:\/\/talk2grow.lt\/susirinkimai\/\">Skaityti daugiau apie produkt\u0105&#8230;<\/a><\/p>\t\t\t\t\t\t\t\t<\/div>\n\t\t\t\t<\/div>\n\t\t\t\t<div class=\"elementor-element elementor-element-2ef34a9 elementor-widget elementor-widget-spacer\" data-id=\"2ef34a9\" data-element_type=\"widget\" data-e-type=\"widget\" data-widget_type=\"spacer.default\">\n\t\t\t\t<div class=\"elementor-widget-container\">\n\t\t\t\t\t\t\t<div class=\"elementor-spacer\">\n\t\t\t<div class=\"elementor-spacer-inner\"><\/div>\n\t\t<\/div>\n\t\t\t\t\t\t<\/div>\n\t\t\t\t<\/div>\n\t\t\t\t<div class=\"elementor-element elementor-element-30885d8 elementor-align-center elementor-widget elementor-widget-button\" data-id=\"30885d8\" data-element_type=\"widget\" data-e-type=\"widget\" data-widget_type=\"button.default\">\n\t\t\t\t<div class=\"elementor-widget-container\">\n\t\t\t\t\t\t\t\t\t<div class=\"elementor-button-wrapper\">\n\t\t\t\t\t<a class=\"elementor-button elementor-button-link elementor-size-sm\" href=\"#elementor-action%3Aaction%3Dpopup%3Aopen%26settings%3DeyJpZCI6IjEwNzMiLCJ0b2dnbGUiOmZhbHNlfQ%3D%3D\">\n\t\t\t\t\t\t<span class=\"elementor-button-content-wrapper\">\n\t\t\t\t\t\t\t\t\t<span class=\"elementor-button-text\">REZERVUOTI LAIK\u0104<\/span>\n\t\t\t\t\t<\/span>\n\t\t\t\t\t<\/a>\n\t\t\t\t<\/div>\n\t\t\t\t\t\t\t\t<\/div>\n\t\t\t\t<\/div>\n\t\t\t\t\t<\/div>\n\t\t<\/div>\n\t\t\t\t\t<\/div>\n\t\t<\/section>\n\t\t\t\t<\/div>\n\t\t","protected":false},"excerpt":{"rendered":"<p>Vadov\u0173 grup\u0117s paruo\u0161imas \u0160is pasirinkimas tinka, kai:Turite vadov\u0173 komand\u0105 ir norite, kad jie ne tik i\u0161mokt\u0173, bet ir prad\u0117t\u0173 realiai taikyti susirinkim\u0173 vedimo \u012fg\u016bd\u017eius. K\u0105 gausite: Vidinis seminaras\u00a0\u2013 viena diena su j\u016bs\u0173 komanda, adaptuota pagal j\u016bs\u0173 organizacij\u0105. 5 susirinkim\u0173 steb\u0117jimai\u00a0\u2013 su dviem moderatoriais kiekviename, gr\u012f\u017etamasis ry\u0161ys realiu metu. 3 m\u0117nesi\u0173 praktika\u00a0\u2013 refleksiniai susitikimai su konsultantu [&hellip;]<\/p>\n","protected":false},"author":1,"featured_media":1588,"parent":0,"menu_order":0,"comment_status":"closed","ping_status":"closed","template":"","meta":{"footnotes":""},"class_list":["post-1638","page","type-page","status-publish","has-post-thumbnail","hentry"],"yoast_head":"<!-- This site is optimized with the Yoast SEO plugin v27.2 - https:\/\/yoast.com\/product\/yoast-seo-wordpress\/ -->\n<title>Efektyvi\u0173 1-on-1 vadov\u0173 pokalbi\u0173 instrumentas | Talk2grow<\/title>\n<meta name=\"description\" content=\"Atraskite TALK2GROW \u2013 strukt\u016bruot\u0105 ir \u017eaisming\u0105 1-on-1 pokalbi\u0173 \u012frank\u012f vadovams, kuris didina darbuotoj\u0173 \u012fsitraukim\u0105, motyvacij\u0105 ir produktyvum\u0105. Susisiekite \u0161iandien, kad integruotume nauj\u0105 komunikacijos kult\u016br\u0105 j\u016bs\u0173 komandoje\" \/>\n<meta name=\"robots\" content=\"index, follow, max-snippet:-1, max-image-preview:large, max-video-preview:-1\" \/>\n<link rel=\"canonical\" href=\"https:\/\/talk2grow.lt\/lt\/vadovu-grupes-paruosimas\/\" \/>\n<meta property=\"og:locale\" content=\"lt_LT\" \/>\n<meta property=\"og:type\" content=\"article\" \/>\n<meta property=\"og:title\" content=\"Efektyvi\u0173 1-on-1 vadov\u0173 pokalbi\u0173 instrumentas | Talk2grow\" \/>\n<meta property=\"og:description\" content=\"Atraskite TALK2GROW \u2013 strukt\u016bruot\u0105 ir \u017eaisming\u0105 1-on-1 pokalbi\u0173 \u012frank\u012f vadovams, kuris didina darbuotoj\u0173 \u012fsitraukim\u0105, motyvacij\u0105 ir produktyvum\u0105. Susisiekite \u0161iandien, kad integruotume nauj\u0105 komunikacijos kult\u016br\u0105 j\u016bs\u0173 komandoje\" \/>\n<meta property=\"og:url\" content=\"https:\/\/talk2grow.lt\/lt\/vadovu-grupes-paruosimas\/\" \/>\n<meta property=\"og:site_name\" content=\"Talk2grow\" \/>\n<meta property=\"article:modified_time\" content=\"2025-10-25T22:23:44+00:00\" \/>\n<meta property=\"og:image\" content=\"https:\/\/talk2grow.lt\/wp-content\/uploads\/2025\/05\/6.webp\" \/>\n\t<meta property=\"og:image:width\" content=\"1080\" \/>\n\t<meta property=\"og:image:height\" content=\"1080\" \/>\n\t<meta property=\"og:image:type\" content=\"image\/webp\" \/>\n<meta name=\"twitter:card\" content=\"summary_large_image\" \/>\n<meta name=\"twitter:label1\" content=\"Est. reading time\" \/>\n\t<meta name=\"twitter:data1\" content=\"1 minut\u0117\" \/>\n<script type=\"application\/ld+json\" class=\"yoast-schema-graph\">{\"@context\":\"https:\/\/schema.org\",\"@graph\":[{\"@type\":\"WebPage\",\"@id\":\"https:\/\/talk2grow.lt\/vadovu-grupes-paruosimas\/\",\"url\":\"https:\/\/talk2grow.lt\/vadovu-grupes-paruosimas\/\",\"name\":\"Efektyvi\u0173 1-on-1 vadov\u0173 pokalbi\u0173 instrumentas | Talk2grow\",\"isPartOf\":{\"@id\":\"https:\/\/talk2grow.lt\/#website\"},\"primaryImageOfPage\":{\"@id\":\"https:\/\/talk2grow.lt\/vadovu-grupes-paruosimas\/#primaryimage\"},\"image\":{\"@id\":\"https:\/\/talk2grow.lt\/vadovu-grupes-paruosimas\/#primaryimage\"},\"thumbnailUrl\":\"https:\/\/talk2grow.lt\/wp-content\/uploads\/2025\/05\/6.webp\",\"datePublished\":\"2025-08-09T13:52:35+00:00\",\"dateModified\":\"2025-10-25T22:23:44+00:00\",\"description\":\"Atraskite TALK2GROW \u2013 strukt\u016bruot\u0105 ir \u017eaisming\u0105 1-on-1 pokalbi\u0173 \u012frank\u012f vadovams, kuris didina darbuotoj\u0173 \u012fsitraukim\u0105, motyvacij\u0105 ir produktyvum\u0105. Susisiekite \u0161iandien, kad integruotume nauj\u0105 komunikacijos kult\u016br\u0105 j\u016bs\u0173 komandoje\",\"breadcrumb\":{\"@id\":\"https:\/\/talk2grow.lt\/vadovu-grupes-paruosimas\/#breadcrumb\"},\"inLanguage\":\"lt-LT\",\"potentialAction\":[{\"@type\":\"ReadAction\",\"target\":[\"https:\/\/talk2grow.lt\/vadovu-grupes-paruosimas\/\"]}]},{\"@type\":\"ImageObject\",\"inLanguage\":\"lt-LT\",\"@id\":\"https:\/\/talk2grow.lt\/vadovu-grupes-paruosimas\/#primaryimage\",\"url\":\"https:\/\/talk2grow.lt\/wp-content\/uploads\/2025\/05\/6.webp\",\"contentUrl\":\"https:\/\/talk2grow.lt\/wp-content\/uploads\/2025\/05\/6.webp\",\"width\":1080,\"height\":1080},{\"@type\":\"BreadcrumbList\",\"@id\":\"https:\/\/talk2grow.lt\/vadovu-grupes-paruosimas\/#breadcrumb\",\"itemListElement\":[{\"@type\":\"ListItem\",\"position\":1,\"name\":\"Home\",\"item\":\"https:\/\/talk2grow.lt\/\"},{\"@type\":\"ListItem\",\"position\":2,\"name\":\"Vadov\u0173 grup\u0117s paruo\u0161imas\"}]},{\"@type\":\"WebSite\",\"@id\":\"https:\/\/talk2grow.lt\/#website\",\"url\":\"https:\/\/talk2grow.lt\/\",\"name\":\"Talk2grow\",\"description\":\"We make teams talk and grow\",\"publisher\":{\"@id\":\"https:\/\/talk2grow.lt\/#organization\"},\"potentialAction\":[{\"@type\":\"SearchAction\",\"target\":{\"@type\":\"EntryPoint\",\"urlTemplate\":\"https:\/\/talk2grow.lt\/?s={search_term_string}\"},\"query-input\":{\"@type\":\"PropertyValueSpecification\",\"valueRequired\":true,\"valueName\":\"search_term_string\"}}],\"inLanguage\":\"lt-LT\"},{\"@type\":\"Organization\",\"@id\":\"https:\/\/talk2grow.lt\/#organization\",\"name\":\"Talk2grow\",\"url\":\"https:\/\/talk2grow.lt\/\",\"logo\":{\"@type\":\"ImageObject\",\"inLanguage\":\"lt-LT\",\"@id\":\"https:\/\/talk2grow.lt\/#\/schema\/logo\/image\/\",\"url\":\"https:\/\/talk2grow.lt\/wp-content\/uploads\/2025\/03\/T2G-Primary-logo@4x.png\",\"contentUrl\":\"https:\/\/talk2grow.lt\/wp-content\/uploads\/2025\/03\/T2G-Primary-logo@4x.png\",\"width\":1985,\"height\":673,\"caption\":\"Talk2grow\"},\"image\":{\"@id\":\"https:\/\/talk2grow.lt\/#\/schema\/logo\/image\/\"},\"sameAs\":[\"https:\/\/www.linkedin.com\/company\/talk2growconversations\/\"]}]}<\/script>\n<!-- \/ Yoast SEO plugin. -->","yoast_head_json":{"title":"Efektyvi\u0173 1-on-1 vadov\u0173 pokalbi\u0173 instrumentas | Talk2grow","description":"Atraskite TALK2GROW \u2013 strukt\u016bruot\u0105 ir \u017eaisming\u0105 1-on-1 pokalbi\u0173 \u012frank\u012f vadovams, kuris didina darbuotoj\u0173 \u012fsitraukim\u0105, motyvacij\u0105 ir produktyvum\u0105. Susisiekite \u0161iandien, kad integruotume nauj\u0105 komunikacijos kult\u016br\u0105 j\u016bs\u0173 komandoje","robots":{"index":"index","follow":"follow","max-snippet":"max-snippet:-1","max-image-preview":"max-image-preview:large","max-video-preview":"max-video-preview:-1"},"canonical":"https:\/\/talk2grow.lt\/lt\/vadovu-grupes-paruosimas\/","og_locale":"lt_LT","og_type":"article","og_title":"Efektyvi\u0173 1-on-1 vadov\u0173 pokalbi\u0173 instrumentas | Talk2grow","og_description":"Atraskite TALK2GROW \u2013 strukt\u016bruot\u0105 ir \u017eaisming\u0105 1-on-1 pokalbi\u0173 \u012frank\u012f vadovams, kuris didina darbuotoj\u0173 \u012fsitraukim\u0105, motyvacij\u0105 ir produktyvum\u0105. Susisiekite \u0161iandien, kad integruotume nauj\u0105 komunikacijos kult\u016br\u0105 j\u016bs\u0173 komandoje","og_url":"https:\/\/talk2grow.lt\/lt\/vadovu-grupes-paruosimas\/","og_site_name":"Talk2grow","article_modified_time":"2025-10-25T22:23:44+00:00","og_image":[{"width":1080,"height":1080,"url":"https:\/\/talk2grow.lt\/wp-content\/uploads\/2025\/05\/6.webp","type":"image\/webp"}],"twitter_card":"summary_large_image","twitter_misc":{"Est. reading time":"1 minut\u0117"},"schema":{"@context":"https:\/\/schema.org","@graph":[{"@type":"WebPage","@id":"https:\/\/talk2grow.lt\/vadovu-grupes-paruosimas\/","url":"https:\/\/talk2grow.lt\/vadovu-grupes-paruosimas\/","name":"Efektyvi\u0173 1-on-1 vadov\u0173 pokalbi\u0173 instrumentas | Talk2grow","isPartOf":{"@id":"https:\/\/talk2grow.lt\/#website"},"primaryImageOfPage":{"@id":"https:\/\/talk2grow.lt\/vadovu-grupes-paruosimas\/#primaryimage"},"image":{"@id":"https:\/\/talk2grow.lt\/vadovu-grupes-paruosimas\/#primaryimage"},"thumbnailUrl":"https:\/\/talk2grow.lt\/wp-content\/uploads\/2025\/05\/6.webp","datePublished":"2025-08-09T13:52:35+00:00","dateModified":"2025-10-25T22:23:44+00:00","description":"Atraskite TALK2GROW \u2013 strukt\u016bruot\u0105 ir \u017eaisming\u0105 1-on-1 pokalbi\u0173 \u012frank\u012f vadovams, kuris didina darbuotoj\u0173 \u012fsitraukim\u0105, motyvacij\u0105 ir produktyvum\u0105. Susisiekite \u0161iandien, kad integruotume nauj\u0105 komunikacijos kult\u016br\u0105 j\u016bs\u0173 komandoje","breadcrumb":{"@id":"https:\/\/talk2grow.lt\/vadovu-grupes-paruosimas\/#breadcrumb"},"inLanguage":"lt-LT","potentialAction":[{"@type":"ReadAction","target":["https:\/\/talk2grow.lt\/vadovu-grupes-paruosimas\/"]}]},{"@type":"ImageObject","inLanguage":"lt-LT","@id":"https:\/\/talk2grow.lt\/vadovu-grupes-paruosimas\/#primaryimage","url":"https:\/\/talk2grow.lt\/wp-content\/uploads\/2025\/05\/6.webp","contentUrl":"https:\/\/talk2grow.lt\/wp-content\/uploads\/2025\/05\/6.webp","width":1080,"height":1080},{"@type":"BreadcrumbList","@id":"https:\/\/talk2grow.lt\/vadovu-grupes-paruosimas\/#breadcrumb","itemListElement":[{"@type":"ListItem","position":1,"name":"Home","item":"https:\/\/talk2grow.lt\/"},{"@type":"ListItem","position":2,"name":"Vadov\u0173 grup\u0117s paruo\u0161imas"}]},{"@type":"WebSite","@id":"https:\/\/talk2grow.lt\/#website","url":"https:\/\/talk2grow.lt\/","name":"Talk2grow","description":"We make teams talk and grow","publisher":{"@id":"https:\/\/talk2grow.lt\/#organization"},"potentialAction":[{"@type":"SearchAction","target":{"@type":"EntryPoint","urlTemplate":"https:\/\/talk2grow.lt\/?s={search_term_string}"},"query-input":{"@type":"PropertyValueSpecification","valueRequired":true,"valueName":"search_term_string"}}],"inLanguage":"lt-LT"},{"@type":"Organization","@id":"https:\/\/talk2grow.lt\/#organization","name":"Talk2grow","url":"https:\/\/talk2grow.lt\/","logo":{"@type":"ImageObject","inLanguage":"lt-LT","@id":"https:\/\/talk2grow.lt\/#\/schema\/logo\/image\/","url":"https:\/\/talk2grow.lt\/wp-content\/uploads\/2025\/03\/T2G-Primary-logo@4x.png","contentUrl":"https:\/\/talk2grow.lt\/wp-content\/uploads\/2025\/03\/T2G-Primary-logo@4x.png","width":1985,"height":673,"caption":"Talk2grow"},"image":{"@id":"https:\/\/talk2grow.lt\/#\/schema\/logo\/image\/"},"sameAs":["https:\/\/www.linkedin.com\/company\/talk2growconversations\/"]}]}},"_links":{"self":[{"href":"https:\/\/talk2grow.lt\/lt\/wp-json\/wp\/v2\/pages\/1638","targetHints":{"allow":["GET"]}}],"collection":[{"href":"https:\/\/talk2grow.lt\/lt\/wp-json\/wp\/v2\/pages"}],"about":[{"href":"https:\/\/talk2grow.lt\/lt\/wp-json\/wp\/v2\/types\/page"}],"author":[{"embeddable":true,"href":"https:\/\/talk2grow.lt\/lt\/wp-json\/wp\/v2\/users\/1"}],"replies":[{"embeddable":true,"href":"https:\/\/talk2grow.lt\/lt\/wp-json\/wp\/v2\/comments?post=1638"}],"version-history":[{"count":25,"href":"https:\/\/talk2grow.lt\/lt\/wp-json\/wp\/v2\/pages\/1638\/revisions"}],"predecessor-version":[{"id":2006,"href":"https:\/\/talk2grow.lt\/lt\/wp-json\/wp\/v2\/pages\/1638\/revisions\/2006"}],"wp:featuredmedia":[{"embeddable":true,"href":"https:\/\/talk2grow.lt\/lt\/wp-json\/wp\/v2\/media\/1588"}],"wp:attachment":[{"href":"https:\/\/talk2grow.lt\/lt\/wp-json\/wp\/v2\/media?parent=1638"}],"curies":[{"name":"wp","href":"https:\/\/api.w.org\/{rel}","templated":true}]}}