{"id":1674,"date":"2025-08-09T16:11:19","date_gmt":"2025-08-09T14:11:19","guid":{"rendered":"https:\/\/talk2grow.lt\/?page_id=1674"},"modified":"2025-10-26T00:26:05","modified_gmt":"2025-10-25T22:26:05","slug":"vadovu-grupes-mokymai","status":"publish","type":"page","link":"https:\/\/talk2grow.lt\/en\/vadovu-grupes-mokymai\/","title":{"rendered":"Leadership team training"},"content":{"rendered":"<div data-elementor-type=\"wp-page\" data-elementor-id=\"1674\" class=\"elementor elementor-1674\" data-elementor-post-type=\"page\">\n\t\t\t\t\t\t<section class=\"elementor-section elementor-top-section elementor-element elementor-element-b159e4c elementor-section-boxed elementor-section-height-default elementor-section-height-default\" data-id=\"b159e4c\" data-element_type=\"section\" data-e-type=\"section\">\n\t\t\t\t\t\t<div class=\"elementor-container elementor-column-gap-default\">\n\t\t\t\t\t<div class=\"elementor-column elementor-col-50 elementor-top-column elementor-element elementor-element-1ecf9d0\" data-id=\"1ecf9d0\" data-element_type=\"column\" data-e-type=\"column\">\n\t\t\t<div class=\"elementor-widget-wrap elementor-element-populated\">\n\t\t\t\t\t\t<div class=\"elementor-element elementor-element-b3c9c43 elementor-widget elementor-widget-image\" data-id=\"b3c9c43\" data-element_type=\"widget\" data-e-type=\"widget\" data-widget_type=\"image.default\">\n\t\t\t\t<div class=\"elementor-widget-container\">\n\t\t\t\t\t\t\t\t\t\t\t\t\t\t\t<img fetchpriority=\"high\" decoding=\"async\" width=\"1080\" height=\"1080\" src=\"https:\/\/talk2grow.lt\/wp-content\/uploads\/2025\/09\/leadershio-conversation-talk-2-grow-transformation-1.webp\" class=\"attachment-full size-full wp-image-1590\" alt=\"\" srcset=\"https:\/\/talk2grow.lt\/wp-content\/uploads\/2025\/09\/leadershio-conversation-talk-2-grow-transformation-1.webp 1080w, https:\/\/talk2grow.lt\/wp-content\/uploads\/2025\/09\/leadershio-conversation-talk-2-grow-transformation-1-300x300.webp 300w, https:\/\/talk2grow.lt\/wp-content\/uploads\/2025\/09\/leadershio-conversation-talk-2-grow-transformation-1-1024x1024.webp 1024w, https:\/\/talk2grow.lt\/wp-content\/uploads\/2025\/09\/leadershio-conversation-talk-2-grow-transformation-1-150x150.webp 150w, https:\/\/talk2grow.lt\/wp-content\/uploads\/2025\/09\/leadershio-conversation-talk-2-grow-transformation-1-768x768.webp 768w, https:\/\/talk2grow.lt\/wp-content\/uploads\/2025\/09\/leadershio-conversation-talk-2-grow-transformation-1-12x12.webp 12w, https:\/\/talk2grow.lt\/wp-content\/uploads\/2025\/09\/leadershio-conversation-talk-2-grow-transformation-1-600x600.webp 600w, https:\/\/talk2grow.lt\/wp-content\/uploads\/2025\/09\/leadershio-conversation-talk-2-grow-transformation-1-100x100.webp 100w\" sizes=\"(max-width: 1080px) 100vw, 1080px\" \/>\t\t\t\t\t\t\t\t\t\t\t\t\t\t\t<\/div>\n\t\t\t\t<\/div>\n\t\t\t\t\t<\/div>\n\t\t<\/div>\n\t\t\t\t<div class=\"elementor-column elementor-col-50 elementor-top-column elementor-element elementor-element-16cf837\" data-id=\"16cf837\" data-element_type=\"column\" data-e-type=\"column\">\n\t\t\t<div class=\"elementor-widget-wrap elementor-element-populated\">\n\t\t\t\t\t\t<div class=\"elementor-element elementor-element-2c19711 elementor-widget elementor-widget-heading\" data-id=\"2c19711\" data-element_type=\"widget\" data-e-type=\"widget\" data-widget_type=\"heading.default\">\n\t\t\t\t<div class=\"elementor-widget-container\">\n\t\t\t\t\t<h2 class=\"elementor-heading-title elementor-size-default\">Leadership team training<\/h2>\t\t\t\t<\/div>\n\t\t\t\t<\/div>\n\t\t\t\t<div class=\"elementor-element elementor-element-0822286 elementor-widget elementor-widget-text-editor\" data-id=\"0822286\" data-element_type=\"widget\" data-e-type=\"widget\" data-widget_type=\"text-editor.default\">\n\t\t\t\t<div class=\"elementor-widget-container\">\n\t\t\t\t\t\t\t\t\t<p><b>Suitable when you want the entire management team to start applying the 1-on-1 culture uniformly.<\/b><\/p>\t\t\t\t\t\t\t\t<\/div>\n\t\t\t\t<\/div>\n\t\t\t\t<div class=\"elementor-element elementor-element-3e012bc elementor-widget elementor-widget-text-editor\" data-id=\"3e012bc\" data-element_type=\"widget\" data-e-type=\"widget\" data-widget_type=\"text-editor.default\">\n\t\t\t\t<div class=\"elementor-widget-container\">\n\t\t\t\t\t\t\t\t\t<p><a href=\"https:\/\/talk2grow.lt\/en\/individualus-pokalbiai-1on1\/\">Skaityti daugiau apie produkt\u0105&#8230;<\/a><\/p>\t\t\t\t\t\t\t\t<\/div>\n\t\t\t\t<\/div>\n\t\t\t\t<div class=\"elementor-element elementor-element-7274754 elementor-widget elementor-widget-spacer\" data-id=\"7274754\" data-element_type=\"widget\" data-e-type=\"widget\" data-widget_type=\"spacer.default\">\n\t\t\t\t<div class=\"elementor-widget-container\">\n\t\t\t\t\t\t\t<div class=\"elementor-spacer\">\n\t\t\t<div class=\"elementor-spacer-inner\"><\/div>\n\t\t<\/div>\n\t\t\t\t\t\t<\/div>\n\t\t\t\t<\/div>\n\t\t\t\t<div class=\"elementor-element elementor-element-c4d8b7c elementor-align-center elementor-widget elementor-widget-button\" data-id=\"c4d8b7c\" data-element_type=\"widget\" data-e-type=\"widget\" data-widget_type=\"button.default\">\n\t\t\t\t<div class=\"elementor-widget-container\">\n\t\t\t\t\t\t\t\t\t<div class=\"elementor-button-wrapper\">\n\t\t\t\t\t<a class=\"elementor-button elementor-button-link elementor-size-sm\" href=\"#elementor-action%3Aaction%3Dpopup%3Aopen%26settings%3DeyJpZCI6IjEwNzMiLCJ0b2dnbGUiOmZhbHNlfQ%3D%3D\">\n\t\t\t\t\t\t<span class=\"elementor-button-content-wrapper\">\n\t\t\t\t\t\t\t\t\t<span class=\"elementor-button-text\">BOOK AN APPOINTMENT<\/span>\n\t\t\t\t\t<\/span>\n\t\t\t\t\t<\/a>\n\t\t\t\t<\/div>\n\t\t\t\t\t\t\t\t<\/div>\n\t\t\t\t<\/div>\n\t\t\t\t\t<\/div>\n\t\t<\/div>\n\t\t\t\t\t<\/div>\n\t\t<\/section>\n\t\t\t\t<section class=\"elementor-section elementor-top-section elementor-element elementor-element-5f55226 elementor-section-boxed elementor-section-height-default elementor-section-height-default\" data-id=\"5f55226\" data-element_type=\"section\" data-e-type=\"section\">\n\t\t\t\t\t\t<div class=\"elementor-container elementor-column-gap-default\">\n\t\t\t\t\t<div class=\"elementor-column elementor-col-100 elementor-top-column elementor-element elementor-element-7cb91d1\" data-id=\"7cb91d1\" data-element_type=\"column\" data-e-type=\"column\">\n\t\t\t<div class=\"elementor-widget-wrap elementor-element-populated\">\n\t\t\t\t\t\t<div class=\"elementor-element elementor-element-13224c6 elementor-widget elementor-widget-text-editor\" data-id=\"13224c6\" data-element_type=\"widget\" data-e-type=\"widget\" data-widget_type=\"text-editor.default\">\n\t\t\t\t<div class=\"elementor-widget-container\">\n\t\t\t\t\t\t\t\t\t<h4><span style=\"color: #191970;\"><b>What you will receive:<\/b><\/span><\/h4><p><b><img decoding=\"async\" class=\"wp-image-567 alignleft\" src=\"https:\/\/talk2grow.lt\/wp-content\/uploads\/2025\/05\/cropped-Dizainas-be-pavadinimo-3-300x300.png\" sizes=\"(max-width: 25px) 100vw, 25px\" srcset=\"https:\/\/talk2grow.lt\/wp-content\/uploads\/2025\/05\/cropped-Dizainas-be-pavadinimo-3-300x300.png 300w, https:\/\/talk2grow.lt\/wp-content\/uploads\/2025\/05\/cropped-Dizainas-be-pavadinimo-3-150x150.png 150w, https:\/\/talk2grow.lt\/wp-content\/uploads\/2025\/05\/cropped-Dizainas-be-pavadinimo-3-100x100.png 100w, https:\/\/talk2grow.lt\/wp-content\/uploads\/2025\/05\/cropped-Dizainas-be-pavadinimo-3-270x270.png 270w, https:\/\/talk2grow.lt\/wp-content\/uploads\/2025\/05\/cropped-Dizainas-be-pavadinimo-3-192x192.png 192w, https:\/\/talk2grow.lt\/wp-content\/uploads\/2025\/05\/cropped-Dizainas-be-pavadinimo-3-180x180.png 180w, https:\/\/talk2grow.lt\/wp-content\/uploads\/2025\/05\/cropped-Dizainas-be-pavadinimo-3-32x32.png 32w, https:\/\/talk2grow.lt\/wp-content\/uploads\/2025\/05\/cropped-Dizainas-be-pavadinimo-3.png 512w\" alt=\"\" width=\"25\" height=\"25\" \/><span style=\"color: #191970;\">Talk2Grow tool \u2013 conversation structure, informal format<\/span><\/b><\/p><p>Each manager will receive either the Classic set (if you conduct interviews with administrative and other non-production staff and middle managers) or the Basic set (if you conduct interviews with production or sales staff), depending on the type of staff they manage.\u00a0<\/p><p>Conversation becomes a process that builds relationships, solves problems, and helps the team move forward.<\/p><ul><li aria-level=\"1\"><b><span style=\"color: #191970;\">Video lessons and training materials<\/span> <br \/><\/b>Practical notes explaining how to use the tool and build trust-based dialogue.<\/li><\/ul><ul><li aria-level=\"1\"><span style=\"color: #191970;\"><b>One-day seminar for the organization<br \/><\/b><\/span>Training tailored specifically to the organization's culture, challenges, and goals. Managers learn to use the tool in real-time by modeling real-life situations.<\/li><\/ul><ul><li aria-level=\"1\"><span style=\"color: #191970;\"><b>Remote consultations for managers<br \/><\/b><\/span>Personalized assistance on how to adapt the methodology to your team.<\/li><\/ul><ul><li aria-level=\"1\"><span style=\"color: #191970;\"><b>Additional half-day session on feedback<br \/><\/b><\/span>Leaders learn to give and receive feedback in a way that builds trust and encourages growth.<\/li><\/ul><ul><li aria-level=\"1\"><b><span style=\"color: #191970;\">Support group 6 months<\/span> <br \/><\/b>Monthly online meetings with experts and other leaders, where you can discuss challenges and get answers.<\/li><\/ul><p><span style=\"color: #191970;\"><b>How we recommend using it:<\/b><\/span><br \/>After the seminar, managers can immediately start applying the methodology with their teams, while the support group and consultations help ensure long-term results.<\/p>\t\t\t\t\t\t\t\t<\/div>\n\t\t\t\t<\/div>\n\t\t\t\t<div class=\"elementor-element elementor-element-6ff9080 elementor-align-left elementor-widget elementor-widget-button\" data-id=\"6ff9080\" data-element_type=\"widget\" data-e-type=\"widget\" data-widget_type=\"button.default\">\n\t\t\t\t<div class=\"elementor-widget-container\">\n\t\t\t\t\t\t\t\t\t<div class=\"elementor-button-wrapper\">\n\t\t\t\t\t<a class=\"elementor-button elementor-button-link elementor-size-sm\" href=\"#elementor-action%3Aaction%3Dpopup%3Aopen%26settings%3DeyJpZCI6IjEwNzMiLCJ0b2dnbGUiOmZhbHNlfQ%3D%3D\">\n\t\t\t\t\t\t<span class=\"elementor-button-content-wrapper\">\n\t\t\t\t\t\t\t\t\t<span class=\"elementor-button-text\">BOOK AN APPOINTMENT<\/span>\n\t\t\t\t\t<\/span>\n\t\t\t\t\t<\/a>\n\t\t\t\t<\/div>\n\t\t\t\t\t\t\t\t<\/div>\n\t\t\t\t<\/div>\n\t\t\t\t\t<\/div>\n\t\t<\/div>\n\t\t\t\t\t<\/div>\n\t\t<\/section>\n\t\t\t\t<\/div>","protected":false},"excerpt":{"rendered":"<p>Vadov\u0173 grup\u0117s mokymai Tinka, kai norite, kad visa vadov\u0173 komanda prad\u0117t\u0173 taikyti 1-on-1 kult\u016br\u0105 vienodai. Skaityti daugiau apie produkt\u0105&#8230; REZERVUOTI LAIK\u0104 K\u0105 gausite: Talk2Grow instrumentas \u2013 pokalbio strukt\u016bra, neformali forma Kiekvienas vadovas gaus Classic (jei pokalbius vedate su administracijos bei kit\u0173 ne gamybini\u0173 pereig\u0173 darbuotojmas bei vidurin\u0117s grandies vadovams) arba Basic (jei pokalbius vedate su [&hellip;]<\/p>\n","protected":false},"author":1,"featured_media":1590,"parent":0,"menu_order":0,"comment_status":"closed","ping_status":"closed","template":"","meta":{"footnotes":""},"class_list":["post-1674","page","type-page","status-publish","has-post-thumbnail","hentry"],"yoast_head":"<!-- This site is optimized with the Yoast SEO plugin v27.2 - https:\/\/yoast.com\/product\/yoast-seo-wordpress\/ -->\n<title>Vadov\u0173 grup\u0117s mokymai \u2013 praktiniai vadovavimo \u012fg\u016bd\u017eiai organizacijos kult\u016brai<\/title>\n<meta name=\"description\" content=\"Su Talk2Grow vadov\u0173 grupi\u0173 mokymais: ugdykite vadovavimo \u012fg\u016bd\u017eius ir komandin\u0119 kult\u016br\u0105 modeliuojant realias situacijas. Prisitaikykite prie savo organizacijos i\u0161\u0161\u016bki\u0173 \u2013 susisiekite \u0161iandien!\" \/>\n<meta name=\"robots\" content=\"index, follow, max-snippet:-1, max-image-preview:large, max-video-preview:-1\" \/>\n<link rel=\"canonical\" href=\"https:\/\/talk2grow.lt\/en\/vadovu-grupes-mokymai\/\" \/>\n<meta property=\"og:locale\" content=\"en_GB\" \/>\n<meta property=\"og:type\" content=\"article\" \/>\n<meta property=\"og:title\" content=\"Vadov\u0173 grup\u0117s mokymai \u2013 praktiniai vadovavimo \u012fg\u016bd\u017eiai organizacijos kult\u016brai\" \/>\n<meta property=\"og:description\" content=\"Su Talk2Grow vadov\u0173 grupi\u0173 mokymais: ugdykite vadovavimo \u012fg\u016bd\u017eius ir komandin\u0119 kult\u016br\u0105 modeliuojant realias situacijas. Prisitaikykite prie savo organizacijos i\u0161\u0161\u016bki\u0173 \u2013 susisiekite \u0161iandien!\" \/>\n<meta property=\"og:url\" content=\"https:\/\/talk2grow.lt\/en\/vadovu-grupes-mokymai\/\" \/>\n<meta property=\"og:site_name\" content=\"Talk2grow\" \/>\n<meta property=\"article:modified_time\" content=\"2025-10-25T22:26:05+00:00\" \/>\n<meta property=\"og:image\" content=\"https:\/\/talk2grow.lt\/wp-content\/uploads\/2025\/05\/9.webp\" \/>\n\t<meta property=\"og:image:width\" content=\"1080\" \/>\n\t<meta property=\"og:image:height\" content=\"1080\" \/>\n\t<meta property=\"og:image:type\" content=\"image\/webp\" \/>\n<meta name=\"twitter:card\" content=\"summary_large_image\" \/>\n<meta name=\"twitter:label1\" content=\"Estimated reading time\" \/>\n\t<meta name=\"twitter:data1\" content=\"2 minutes\" \/>\n<script type=\"application\/ld+json\" class=\"yoast-schema-graph\">{\"@context\":\"https:\/\/schema.org\",\"@graph\":[{\"@type\":\"WebPage\",\"@id\":\"https:\/\/talk2grow.lt\/lt\/vadovu-grupes-mokymai\/\",\"url\":\"https:\/\/talk2grow.lt\/lt\/vadovu-grupes-mokymai\/\",\"name\":\"Vadov\u0173 grup\u0117s mokymai \u2013 praktiniai vadovavimo \u012fg\u016bd\u017eiai organizacijos kult\u016brai\",\"isPartOf\":{\"@id\":\"https:\/\/talk2grow.lt\/#website\"},\"primaryImageOfPage\":{\"@id\":\"https:\/\/talk2grow.lt\/lt\/vadovu-grupes-mokymai\/#primaryimage\"},\"image\":{\"@id\":\"https:\/\/talk2grow.lt\/lt\/vadovu-grupes-mokymai\/#primaryimage\"},\"thumbnailUrl\":\"https:\/\/talk2grow.lt\/wp-content\/uploads\/2025\/05\/9.webp\",\"datePublished\":\"2025-08-09T14:11:19+00:00\",\"dateModified\":\"2025-10-25T22:26:05+00:00\",\"description\":\"Su Talk2Grow vadov\u0173 grupi\u0173 mokymais: ugdykite vadovavimo \u012fg\u016bd\u017eius ir komandin\u0119 kult\u016br\u0105 modeliuojant realias situacijas. Prisitaikykite prie savo organizacijos i\u0161\u0161\u016bki\u0173 \u2013 susisiekite \u0161iandien!\",\"breadcrumb\":{\"@id\":\"https:\/\/talk2grow.lt\/lt\/vadovu-grupes-mokymai\/#breadcrumb\"},\"inLanguage\":\"en-GB\",\"potentialAction\":[{\"@type\":\"ReadAction\",\"target\":[\"https:\/\/talk2grow.lt\/lt\/vadovu-grupes-mokymai\/\"]}]},{\"@type\":\"ImageObject\",\"inLanguage\":\"en-GB\",\"@id\":\"https:\/\/talk2grow.lt\/lt\/vadovu-grupes-mokymai\/#primaryimage\",\"url\":\"https:\/\/talk2grow.lt\/wp-content\/uploads\/2025\/05\/9.webp\",\"contentUrl\":\"https:\/\/talk2grow.lt\/wp-content\/uploads\/2025\/05\/9.webp\",\"width\":1080,\"height\":1080},{\"@type\":\"BreadcrumbList\",\"@id\":\"https:\/\/talk2grow.lt\/lt\/vadovu-grupes-mokymai\/#breadcrumb\",\"itemListElement\":[{\"@type\":\"ListItem\",\"position\":1,\"name\":\"Home\",\"item\":\"https:\/\/talk2grow.lt\/\"},{\"@type\":\"ListItem\",\"position\":2,\"name\":\"Vadov\u0173 grup\u0117s mokymai\"}]},{\"@type\":\"WebSite\",\"@id\":\"https:\/\/talk2grow.lt\/#website\",\"url\":\"https:\/\/talk2grow.lt\/\",\"name\":\"Talk2grow\",\"description\":\"We make teams talk and grow\",\"publisher\":{\"@id\":\"https:\/\/talk2grow.lt\/#organization\"},\"potentialAction\":[{\"@type\":\"SearchAction\",\"target\":{\"@type\":\"EntryPoint\",\"urlTemplate\":\"https:\/\/talk2grow.lt\/?s={search_term_string}\"},\"query-input\":{\"@type\":\"PropertyValueSpecification\",\"valueRequired\":true,\"valueName\":\"search_term_string\"}}],\"inLanguage\":\"en-GB\"},{\"@type\":\"Organization\",\"@id\":\"https:\/\/talk2grow.lt\/#organization\",\"name\":\"Talk2grow\",\"url\":\"https:\/\/talk2grow.lt\/\",\"logo\":{\"@type\":\"ImageObject\",\"inLanguage\":\"en-GB\",\"@id\":\"https:\/\/talk2grow.lt\/#\/schema\/logo\/image\/\",\"url\":\"https:\/\/talk2grow.lt\/wp-content\/uploads\/2025\/03\/T2G-Primary-logo@4x.png\",\"contentUrl\":\"https:\/\/talk2grow.lt\/wp-content\/uploads\/2025\/03\/T2G-Primary-logo@4x.png\",\"width\":1985,\"height\":673,\"caption\":\"Talk2grow\"},\"image\":{\"@id\":\"https:\/\/talk2grow.lt\/#\/schema\/logo\/image\/\"},\"sameAs\":[\"https:\/\/www.linkedin.com\/company\/talk2growconversations\/\"]}]}<\/script>\n<!-- \/ Yoast SEO plugin. -->","yoast_head_json":{"title":"Vadov\u0173 grup\u0117s mokymai \u2013 praktiniai vadovavimo \u012fg\u016bd\u017eiai organizacijos kult\u016brai","description":"Su Talk2Grow vadov\u0173 grupi\u0173 mokymais: ugdykite vadovavimo \u012fg\u016bd\u017eius ir komandin\u0119 kult\u016br\u0105 modeliuojant realias situacijas. Prisitaikykite prie savo organizacijos i\u0161\u0161\u016bki\u0173 \u2013 susisiekite \u0161iandien!","robots":{"index":"index","follow":"follow","max-snippet":"max-snippet:-1","max-image-preview":"max-image-preview:large","max-video-preview":"max-video-preview:-1"},"canonical":"https:\/\/talk2grow.lt\/en\/vadovu-grupes-mokymai\/","og_locale":"en_GB","og_type":"article","og_title":"Vadov\u0173 grup\u0117s mokymai \u2013 praktiniai vadovavimo \u012fg\u016bd\u017eiai organizacijos kult\u016brai","og_description":"Su Talk2Grow vadov\u0173 grupi\u0173 mokymais: ugdykite vadovavimo \u012fg\u016bd\u017eius ir komandin\u0119 kult\u016br\u0105 modeliuojant realias situacijas. Prisitaikykite prie savo organizacijos i\u0161\u0161\u016bki\u0173 \u2013 susisiekite \u0161iandien!","og_url":"https:\/\/talk2grow.lt\/en\/vadovu-grupes-mokymai\/","og_site_name":"Talk2grow","article_modified_time":"2025-10-25T22:26:05+00:00","og_image":[{"width":1080,"height":1080,"url":"https:\/\/talk2grow.lt\/wp-content\/uploads\/2025\/05\/9.webp","type":"image\/webp"}],"twitter_card":"summary_large_image","twitter_misc":{"Estimated reading time":"2 minutes"},"schema":{"@context":"https:\/\/schema.org","@graph":[{"@type":"WebPage","@id":"https:\/\/talk2grow.lt\/lt\/vadovu-grupes-mokymai\/","url":"https:\/\/talk2grow.lt\/lt\/vadovu-grupes-mokymai\/","name":"Vadov\u0173 grup\u0117s mokymai \u2013 praktiniai vadovavimo \u012fg\u016bd\u017eiai organizacijos kult\u016brai","isPartOf":{"@id":"https:\/\/talk2grow.lt\/#website"},"primaryImageOfPage":{"@id":"https:\/\/talk2grow.lt\/lt\/vadovu-grupes-mokymai\/#primaryimage"},"image":{"@id":"https:\/\/talk2grow.lt\/lt\/vadovu-grupes-mokymai\/#primaryimage"},"thumbnailUrl":"https:\/\/talk2grow.lt\/wp-content\/uploads\/2025\/05\/9.webp","datePublished":"2025-08-09T14:11:19+00:00","dateModified":"2025-10-25T22:26:05+00:00","description":"Su Talk2Grow vadov\u0173 grupi\u0173 mokymais: ugdykite vadovavimo \u012fg\u016bd\u017eius ir komandin\u0119 kult\u016br\u0105 modeliuojant realias situacijas. Prisitaikykite prie savo organizacijos i\u0161\u0161\u016bki\u0173 \u2013 susisiekite \u0161iandien!","breadcrumb":{"@id":"https:\/\/talk2grow.lt\/lt\/vadovu-grupes-mokymai\/#breadcrumb"},"inLanguage":"en-GB","potentialAction":[{"@type":"ReadAction","target":["https:\/\/talk2grow.lt\/lt\/vadovu-grupes-mokymai\/"]}]},{"@type":"ImageObject","inLanguage":"en-GB","@id":"https:\/\/talk2grow.lt\/lt\/vadovu-grupes-mokymai\/#primaryimage","url":"https:\/\/talk2grow.lt\/wp-content\/uploads\/2025\/05\/9.webp","contentUrl":"https:\/\/talk2grow.lt\/wp-content\/uploads\/2025\/05\/9.webp","width":1080,"height":1080},{"@type":"BreadcrumbList","@id":"https:\/\/talk2grow.lt\/lt\/vadovu-grupes-mokymai\/#breadcrumb","itemListElement":[{"@type":"ListItem","position":1,"name":"Home","item":"https:\/\/talk2grow.lt\/"},{"@type":"ListItem","position":2,"name":"Vadov\u0173 grup\u0117s mokymai"}]},{"@type":"WebSite","@id":"https:\/\/talk2grow.lt\/#website","url":"https:\/\/talk2grow.lt\/","name":"Talk2grow","description":"We make teams talk and grow","publisher":{"@id":"https:\/\/talk2grow.lt\/#organization"},"potentialAction":[{"@type":"SearchAction","target":{"@type":"EntryPoint","urlTemplate":"https:\/\/talk2grow.lt\/?s={search_term_string}"},"query-input":{"@type":"PropertyValueSpecification","valueRequired":true,"valueName":"search_term_string"}}],"inLanguage":"en-GB"},{"@type":"Organization","@id":"https:\/\/talk2grow.lt\/#organization","name":"Talk2grow","url":"https:\/\/talk2grow.lt\/","logo":{"@type":"ImageObject","inLanguage":"en-GB","@id":"https:\/\/talk2grow.lt\/#\/schema\/logo\/image\/","url":"https:\/\/talk2grow.lt\/wp-content\/uploads\/2025\/03\/T2G-Primary-logo@4x.png","contentUrl":"https:\/\/talk2grow.lt\/wp-content\/uploads\/2025\/03\/T2G-Primary-logo@4x.png","width":1985,"height":673,"caption":"Talk2grow"},"image":{"@id":"https:\/\/talk2grow.lt\/#\/schema\/logo\/image\/"},"sameAs":["https:\/\/www.linkedin.com\/company\/talk2growconversations\/"]}]}},"_links":{"self":[{"href":"https:\/\/talk2grow.lt\/en\/wp-json\/wp\/v2\/pages\/1674","targetHints":{"allow":["GET"]}}],"collection":[{"href":"https:\/\/talk2grow.lt\/en\/wp-json\/wp\/v2\/pages"}],"about":[{"href":"https:\/\/talk2grow.lt\/en\/wp-json\/wp\/v2\/types\/page"}],"author":[{"embeddable":true,"href":"https:\/\/talk2grow.lt\/en\/wp-json\/wp\/v2\/users\/1"}],"replies":[{"embeddable":true,"href":"https:\/\/talk2grow.lt\/en\/wp-json\/wp\/v2\/comments?post=1674"}],"version-history":[{"count":16,"href":"https:\/\/talk2grow.lt\/en\/wp-json\/wp\/v2\/pages\/1674\/revisions"}],"predecessor-version":[{"id":2011,"href":"https:\/\/talk2grow.lt\/en\/wp-json\/wp\/v2\/pages\/1674\/revisions\/2011"}],"wp:featuredmedia":[{"embeddable":true,"href":"https:\/\/talk2grow.lt\/en\/wp-json\/wp\/v2\/media\/1590"}],"wp:attachment":[{"href":"https:\/\/talk2grow.lt\/en\/wp-json\/wp\/v2\/media?parent=1674"}],"curies":[{"name":"wp","href":"https:\/\/api.w.org\/{rel}","templated":true}]}}