{"id":1650,"date":"2025-08-09T16:00:55","date_gmt":"2025-08-09T14:00:55","guid":{"rendered":"https:\/\/talk2grow.lt\/?page_id=1650"},"modified":"2025-10-26T00:26:46","modified_gmt":"2025-10-25T22:26:46","slug":"susirinkimu-transformacija","status":"publish","type":"page","link":"https:\/\/talk2grow.lt\/en\/susirinkimu-transformacija\/","title":{"rendered":"Susirinkim\u0173 transformacija"},"content":{"rendered":"<div data-elementor-type=\"wp-page\" data-elementor-id=\"1650\" class=\"elementor elementor-1650\" data-elementor-post-type=\"page\">\n\t\t\t\t\t\t<section class=\"elementor-section elementor-top-section elementor-element elementor-element-8d759da elementor-section-boxed elementor-section-height-default elementor-section-height-default\" data-id=\"8d759da\" data-element_type=\"section\" data-e-type=\"section\">\n\t\t\t\t\t\t<div class=\"elementor-container elementor-column-gap-default\">\n\t\t\t\t\t<div class=\"elementor-column elementor-col-50 elementor-top-column elementor-element elementor-element-9c49687\" data-id=\"9c49687\" data-element_type=\"column\" data-e-type=\"column\">\n\t\t\t<div class=\"elementor-widget-wrap elementor-element-populated\">\n\t\t\t\t\t\t<div class=\"elementor-element elementor-element-45533aa elementor-widget elementor-widget-image\" data-id=\"45533aa\" data-element_type=\"widget\" data-e-type=\"widget\" data-widget_type=\"image.default\">\n\t\t\t\t<div class=\"elementor-widget-container\">\n\t\t\t\t\t\t\t\t\t\t\t\t\t\t\t<img fetchpriority=\"high\" decoding=\"async\" width=\"1080\" height=\"1080\" src=\"https:\/\/talk2grow.lt\/wp-content\/uploads\/2025\/09\/leadershio-conversation-talk-2-grow-transformation-3.webp\" class=\"attachment-full size-full wp-image-1589\" alt=\"\" srcset=\"https:\/\/talk2grow.lt\/wp-content\/uploads\/2025\/09\/leadershio-conversation-talk-2-grow-transformation-3.webp 1080w, https:\/\/talk2grow.lt\/wp-content\/uploads\/2025\/09\/leadershio-conversation-talk-2-grow-transformation-3-300x300.webp 300w, https:\/\/talk2grow.lt\/wp-content\/uploads\/2025\/09\/leadershio-conversation-talk-2-grow-transformation-3-1024x1024.webp 1024w, https:\/\/talk2grow.lt\/wp-content\/uploads\/2025\/09\/leadershio-conversation-talk-2-grow-transformation-3-150x150.webp 150w, https:\/\/talk2grow.lt\/wp-content\/uploads\/2025\/09\/leadershio-conversation-talk-2-grow-transformation-3-768x768.webp 768w, https:\/\/talk2grow.lt\/wp-content\/uploads\/2025\/09\/leadershio-conversation-talk-2-grow-transformation-3-12x12.webp 12w, https:\/\/talk2grow.lt\/wp-content\/uploads\/2025\/09\/leadershio-conversation-talk-2-grow-transformation-3-600x600.webp 600w, https:\/\/talk2grow.lt\/wp-content\/uploads\/2025\/09\/leadershio-conversation-talk-2-grow-transformation-3-100x100.webp 100w\" sizes=\"(max-width: 1080px) 100vw, 1080px\" \/>\t\t\t\t\t\t\t\t\t\t\t\t\t\t\t<\/div>\n\t\t\t\t<\/div>\n\t\t\t\t\t<\/div>\n\t\t<\/div>\n\t\t\t\t<div class=\"elementor-column elementor-col-50 elementor-top-column elementor-element elementor-element-4a1b772\" data-id=\"4a1b772\" data-element_type=\"column\" data-e-type=\"column\">\n\t\t\t<div class=\"elementor-widget-wrap elementor-element-populated\">\n\t\t\t\t\t\t<div class=\"elementor-element elementor-element-3b3ee46 elementor-widget elementor-widget-heading\" data-id=\"3b3ee46\" data-element_type=\"widget\" data-e-type=\"widget\" data-widget_type=\"heading.default\">\n\t\t\t\t<div class=\"elementor-widget-container\">\n\t\t\t\t\t<h2 class=\"elementor-heading-title elementor-size-default\">Transformation of meetings<\/h2>\t\t\t\t<\/div>\n\t\t\t\t<\/div>\n\t\t\t\t<div class=\"elementor-element elementor-element-1cec64d elementor-widget elementor-widget-text-editor\" data-id=\"1cec64d\" data-element_type=\"widget\" data-e-type=\"widget\" data-widget_type=\"text-editor.default\">\n\t\t\t\t<div class=\"elementor-widget-container\">\n\t\t\t\t\t\t\t\t\t<p><b>This option is suitable when:<\/b><br \/>You want to create a common meeting culture in your organization that everyone\u2014from managers to teams\u2014can apply.<\/p><p><b>What you will receive:<\/b><\/p><ul><li aria-level=\"1\"><b>Preliminary investigation<\/b>\u00a0\u2013 analysis of meetings, assessment of the situation and culture.<\/li><li aria-level=\"1\"><b>Focus groups for managers<\/b>\u00a0\u2013 clarification of needs, formulation of agreements.<\/li><li aria-level=\"1\"><b>Process adaptation<\/b>\u00a0\u2013 a structured meeting model tailored to your organization.<\/li><li aria-level=\"1\"><b>\"Meeting Guide\"<\/b>\u00a0\u2013 standard for conducting different types of meetings.<\/li><\/ul><p>You will have a unified meeting standard that will become part of your organization's operational processes.<\/p><p><b>How we recommend using it:<\/b><br \/>We recommend implementing this process over a period of 4\u20139 months, gradually involving more and more managers. It is particularly suitable for companies that operate in several divisions or have more than one management level.<\/p>\t\t\t\t\t\t\t\t<\/div>\n\t\t\t\t<\/div>\n\t\t\t\t<div class=\"elementor-element elementor-element-311f055 elementor-widget elementor-widget-text-editor\" data-id=\"311f055\" data-element_type=\"widget\" data-e-type=\"widget\" data-widget_type=\"text-editor.default\">\n\t\t\t\t<div class=\"elementor-widget-container\">\n\t\t\t\t\t\t\t\t\t<p><a href=\"https:\/\/talk2grow.lt\/en\/susirinkimai\/\">Skaityti daugiau apie produkt\u0105&#8230;<\/a><\/p>\t\t\t\t\t\t\t\t<\/div>\n\t\t\t\t<\/div>\n\t\t\t\t<div class=\"elementor-element elementor-element-247f422 elementor-widget elementor-widget-spacer\" data-id=\"247f422\" data-element_type=\"widget\" data-e-type=\"widget\" data-widget_type=\"spacer.default\">\n\t\t\t\t<div class=\"elementor-widget-container\">\n\t\t\t\t\t\t\t<div class=\"elementor-spacer\">\n\t\t\t<div class=\"elementor-spacer-inner\"><\/div>\n\t\t<\/div>\n\t\t\t\t\t\t<\/div>\n\t\t\t\t<\/div>\n\t\t\t\t<div class=\"elementor-element elementor-element-c999e9d elementor-align-center elementor-widget elementor-widget-button\" data-id=\"c999e9d\" data-element_type=\"widget\" data-e-type=\"widget\" data-widget_type=\"button.default\">\n\t\t\t\t<div class=\"elementor-widget-container\">\n\t\t\t\t\t\t\t\t\t<div class=\"elementor-button-wrapper\">\n\t\t\t\t\t<a class=\"elementor-button elementor-button-link elementor-size-sm\" href=\"#elementor-action%3Aaction%3Dpopup%3Aopen%26settings%3DeyJpZCI6IjEwNzMiLCJ0b2dnbGUiOmZhbHNlfQ%3D%3D\">\n\t\t\t\t\t\t<span class=\"elementor-button-content-wrapper\">\n\t\t\t\t\t\t\t\t\t<span class=\"elementor-button-text\">BOOK AN APPOINTMENT<\/span>\n\t\t\t\t\t<\/span>\n\t\t\t\t\t<\/a>\n\t\t\t\t<\/div>\n\t\t\t\t\t\t\t\t<\/div>\n\t\t\t\t<\/div>\n\t\t\t\t\t<\/div>\n\t\t<\/div>\n\t\t\t\t\t<\/div>\n\t\t<\/section>\n\t\t\t\t<\/div>","protected":false},"excerpt":{"rendered":"<p>Susirinkim\u0173 transformacija \u0160is pasirinkimas tinka, kai:Norite organizacijoje sukurti bendr\u0105 susirinkim\u0173 kult\u016br\u0105, kuri\u0105 taikyt\u0173 visi \u2013 nuo vadov\u0173 iki komand\u0173. K\u0105 gausite: Pirminis tyrimas\u00a0\u2013 susirinkim\u0173 analiz\u0117, situacijos ir kult\u016bros vertinimas. Vadov\u0173 fokus grup\u0117s\u00a0\u2013 poreiki\u0173 i\u0161gryninimas, susitarim\u0173 formulavimas. Proces\u0173 adaptacija\u00a0\u2013 strukt\u016bruotas susirinkim\u0173 modelis, pritaikytas j\u016bs\u0173 organizacijai. \u201eSusirinkim\u0173 gidas\u201c\u00a0\u2013 standartas, kaip vesti skirtingo tipo susirinkimus. J\u016bs tur\u0117site viening\u0105 [&hellip;]<\/p>\n","protected":false},"author":1,"featured_media":1589,"parent":0,"menu_order":0,"comment_status":"closed","ping_status":"closed","template":"","meta":{"footnotes":""},"class_list":["post-1650","page","type-page","status-publish","has-post-thumbnail","hentry"],"yoast_head":"<!-- This site is optimized with the Yoast SEO plugin v27.2 - https:\/\/yoast.com\/product\/yoast-seo-wordpress\/ -->\n<title>Susirinkim\u0173 transformacija | Susirinkim\u0173 gidas ir analiz\u0117 Talk2grow<\/title>\n<meta name=\"description\" content=\"Transformuokite susirinkimus su TALK2GROW: naudokit\u0117s susirinkim\u0173 gidu, strukt\u016bromis, proces\u0173 adaptacija ir vadov\u0173 fokus grup\u0117mis. Pagerinkite efektyvum\u0105 \u2014 kreipkit\u0117s jau dabar!\" \/>\n<meta name=\"robots\" content=\"index, follow, max-snippet:-1, max-image-preview:large, max-video-preview:-1\" \/>\n<link rel=\"canonical\" href=\"https:\/\/talk2grow.lt\/en\/susirinkimu-transformacija\/\" \/>\n<meta property=\"og:locale\" content=\"en_GB\" \/>\n<meta property=\"og:type\" content=\"article\" \/>\n<meta property=\"og:title\" content=\"Susirinkim\u0173 transformacija | Susirinkim\u0173 gidas ir analiz\u0117 Talk2grow\" \/>\n<meta property=\"og:description\" content=\"Transformuokite susirinkimus su TALK2GROW: naudokit\u0117s susirinkim\u0173 gidu, strukt\u016bromis, proces\u0173 adaptacija ir vadov\u0173 fokus grup\u0117mis. Pagerinkite efektyvum\u0105 \u2014 kreipkit\u0117s jau dabar!\" \/>\n<meta property=\"og:url\" content=\"https:\/\/talk2grow.lt\/en\/susirinkimu-transformacija\/\" \/>\n<meta property=\"og:site_name\" content=\"Talk2grow\" \/>\n<meta property=\"article:modified_time\" content=\"2025-10-25T22:26:46+00:00\" \/>\n<meta property=\"og:image\" content=\"https:\/\/talk2grow.lt\/wp-content\/uploads\/2025\/05\/8.webp\" \/>\n\t<meta property=\"og:image:width\" content=\"1080\" \/>\n\t<meta property=\"og:image:height\" content=\"1080\" \/>\n\t<meta property=\"og:image:type\" content=\"image\/webp\" \/>\n<meta name=\"twitter:card\" content=\"summary_large_image\" \/>\n<meta name=\"twitter:label1\" content=\"Estimated reading time\" \/>\n\t<meta name=\"twitter:data1\" content=\"1 minute\" \/>\n<script type=\"application\/ld+json\" class=\"yoast-schema-graph\">{\"@context\":\"https:\/\/schema.org\",\"@graph\":[{\"@type\":\"WebPage\",\"@id\":\"https:\/\/talk2grow.lt\/susirinkimu-transformacija\/\",\"url\":\"https:\/\/talk2grow.lt\/susirinkimu-transformacija\/\",\"name\":\"Susirinkim\u0173 transformacija | Susirinkim\u0173 gidas ir analiz\u0117 Talk2grow\",\"isPartOf\":{\"@id\":\"https:\/\/talk2grow.lt\/#website\"},\"primaryImageOfPage\":{\"@id\":\"https:\/\/talk2grow.lt\/susirinkimu-transformacija\/#primaryimage\"},\"image\":{\"@id\":\"https:\/\/talk2grow.lt\/susirinkimu-transformacija\/#primaryimage\"},\"thumbnailUrl\":\"https:\/\/talk2grow.lt\/wp-content\/uploads\/2025\/05\/8.webp\",\"datePublished\":\"2025-08-09T14:00:55+00:00\",\"dateModified\":\"2025-10-25T22:26:46+00:00\",\"description\":\"Transformuokite susirinkimus su TALK2GROW: naudokit\u0117s susirinkim\u0173 gidu, strukt\u016bromis, proces\u0173 adaptacija ir vadov\u0173 fokus grup\u0117mis. Pagerinkite efektyvum\u0105 \u2014 kreipkit\u0117s jau dabar!\",\"breadcrumb\":{\"@id\":\"https:\/\/talk2grow.lt\/susirinkimu-transformacija\/#breadcrumb\"},\"inLanguage\":\"en-GB\",\"potentialAction\":[{\"@type\":\"ReadAction\",\"target\":[\"https:\/\/talk2grow.lt\/susirinkimu-transformacija\/\"]}]},{\"@type\":\"ImageObject\",\"inLanguage\":\"en-GB\",\"@id\":\"https:\/\/talk2grow.lt\/susirinkimu-transformacija\/#primaryimage\",\"url\":\"https:\/\/talk2grow.lt\/wp-content\/uploads\/2025\/05\/8.webp\",\"contentUrl\":\"https:\/\/talk2grow.lt\/wp-content\/uploads\/2025\/05\/8.webp\",\"width\":1080,\"height\":1080},{\"@type\":\"BreadcrumbList\",\"@id\":\"https:\/\/talk2grow.lt\/susirinkimu-transformacija\/#breadcrumb\",\"itemListElement\":[{\"@type\":\"ListItem\",\"position\":1,\"name\":\"Home\",\"item\":\"https:\/\/talk2grow.lt\/\"},{\"@type\":\"ListItem\",\"position\":2,\"name\":\"Susirinkim\u0173 transformacija\"}]},{\"@type\":\"WebSite\",\"@id\":\"https:\/\/talk2grow.lt\/#website\",\"url\":\"https:\/\/talk2grow.lt\/\",\"name\":\"Talk2grow\",\"description\":\"We make teams talk and grow\",\"publisher\":{\"@id\":\"https:\/\/talk2grow.lt\/#organization\"},\"potentialAction\":[{\"@type\":\"SearchAction\",\"target\":{\"@type\":\"EntryPoint\",\"urlTemplate\":\"https:\/\/talk2grow.lt\/?s={search_term_string}\"},\"query-input\":{\"@type\":\"PropertyValueSpecification\",\"valueRequired\":true,\"valueName\":\"search_term_string\"}}],\"inLanguage\":\"en-GB\"},{\"@type\":\"Organization\",\"@id\":\"https:\/\/talk2grow.lt\/#organization\",\"name\":\"Talk2grow\",\"url\":\"https:\/\/talk2grow.lt\/\",\"logo\":{\"@type\":\"ImageObject\",\"inLanguage\":\"en-GB\",\"@id\":\"https:\/\/talk2grow.lt\/#\/schema\/logo\/image\/\",\"url\":\"https:\/\/talk2grow.lt\/wp-content\/uploads\/2025\/03\/T2G-Primary-logo@4x.png\",\"contentUrl\":\"https:\/\/talk2grow.lt\/wp-content\/uploads\/2025\/03\/T2G-Primary-logo@4x.png\",\"width\":1985,\"height\":673,\"caption\":\"Talk2grow\"},\"image\":{\"@id\":\"https:\/\/talk2grow.lt\/#\/schema\/logo\/image\/\"},\"sameAs\":[\"https:\/\/www.linkedin.com\/company\/talk2growconversations\/\"]}]}<\/script>\n<!-- \/ Yoast SEO plugin. -->","yoast_head_json":{"title":"Susirinkim\u0173 transformacija | Susirinkim\u0173 gidas ir analiz\u0117 Talk2grow","description":"Transformuokite susirinkimus su TALK2GROW: naudokit\u0117s susirinkim\u0173 gidu, strukt\u016bromis, proces\u0173 adaptacija ir vadov\u0173 fokus grup\u0117mis. Pagerinkite efektyvum\u0105 \u2014 kreipkit\u0117s jau dabar!","robots":{"index":"index","follow":"follow","max-snippet":"max-snippet:-1","max-image-preview":"max-image-preview:large","max-video-preview":"max-video-preview:-1"},"canonical":"https:\/\/talk2grow.lt\/en\/susirinkimu-transformacija\/","og_locale":"en_GB","og_type":"article","og_title":"Susirinkim\u0173 transformacija | Susirinkim\u0173 gidas ir analiz\u0117 Talk2grow","og_description":"Transformuokite susirinkimus su TALK2GROW: naudokit\u0117s susirinkim\u0173 gidu, strukt\u016bromis, proces\u0173 adaptacija ir vadov\u0173 fokus grup\u0117mis. Pagerinkite efektyvum\u0105 \u2014 kreipkit\u0117s jau dabar!","og_url":"https:\/\/talk2grow.lt\/en\/susirinkimu-transformacija\/","og_site_name":"Talk2grow","article_modified_time":"2025-10-25T22:26:46+00:00","og_image":[{"width":1080,"height":1080,"url":"https:\/\/talk2grow.lt\/wp-content\/uploads\/2025\/05\/8.webp","type":"image\/webp"}],"twitter_card":"summary_large_image","twitter_misc":{"Estimated reading time":"1 minute"},"schema":{"@context":"https:\/\/schema.org","@graph":[{"@type":"WebPage","@id":"https:\/\/talk2grow.lt\/susirinkimu-transformacija\/","url":"https:\/\/talk2grow.lt\/susirinkimu-transformacija\/","name":"Susirinkim\u0173 transformacija | Susirinkim\u0173 gidas ir analiz\u0117 Talk2grow","isPartOf":{"@id":"https:\/\/talk2grow.lt\/#website"},"primaryImageOfPage":{"@id":"https:\/\/talk2grow.lt\/susirinkimu-transformacija\/#primaryimage"},"image":{"@id":"https:\/\/talk2grow.lt\/susirinkimu-transformacija\/#primaryimage"},"thumbnailUrl":"https:\/\/talk2grow.lt\/wp-content\/uploads\/2025\/05\/8.webp","datePublished":"2025-08-09T14:00:55+00:00","dateModified":"2025-10-25T22:26:46+00:00","description":"Transformuokite susirinkimus su TALK2GROW: naudokit\u0117s susirinkim\u0173 gidu, strukt\u016bromis, proces\u0173 adaptacija ir vadov\u0173 fokus grup\u0117mis. Pagerinkite efektyvum\u0105 \u2014 kreipkit\u0117s jau dabar!","breadcrumb":{"@id":"https:\/\/talk2grow.lt\/susirinkimu-transformacija\/#breadcrumb"},"inLanguage":"en-GB","potentialAction":[{"@type":"ReadAction","target":["https:\/\/talk2grow.lt\/susirinkimu-transformacija\/"]}]},{"@type":"ImageObject","inLanguage":"en-GB","@id":"https:\/\/talk2grow.lt\/susirinkimu-transformacija\/#primaryimage","url":"https:\/\/talk2grow.lt\/wp-content\/uploads\/2025\/05\/8.webp","contentUrl":"https:\/\/talk2grow.lt\/wp-content\/uploads\/2025\/05\/8.webp","width":1080,"height":1080},{"@type":"BreadcrumbList","@id":"https:\/\/talk2grow.lt\/susirinkimu-transformacija\/#breadcrumb","itemListElement":[{"@type":"ListItem","position":1,"name":"Home","item":"https:\/\/talk2grow.lt\/"},{"@type":"ListItem","position":2,"name":"Susirinkim\u0173 transformacija"}]},{"@type":"WebSite","@id":"https:\/\/talk2grow.lt\/#website","url":"https:\/\/talk2grow.lt\/","name":"Talk2grow","description":"We make teams talk and grow","publisher":{"@id":"https:\/\/talk2grow.lt\/#organization"},"potentialAction":[{"@type":"SearchAction","target":{"@type":"EntryPoint","urlTemplate":"https:\/\/talk2grow.lt\/?s={search_term_string}"},"query-input":{"@type":"PropertyValueSpecification","valueRequired":true,"valueName":"search_term_string"}}],"inLanguage":"en-GB"},{"@type":"Organization","@id":"https:\/\/talk2grow.lt\/#organization","name":"Talk2grow","url":"https:\/\/talk2grow.lt\/","logo":{"@type":"ImageObject","inLanguage":"en-GB","@id":"https:\/\/talk2grow.lt\/#\/schema\/logo\/image\/","url":"https:\/\/talk2grow.lt\/wp-content\/uploads\/2025\/03\/T2G-Primary-logo@4x.png","contentUrl":"https:\/\/talk2grow.lt\/wp-content\/uploads\/2025\/03\/T2G-Primary-logo@4x.png","width":1985,"height":673,"caption":"Talk2grow"},"image":{"@id":"https:\/\/talk2grow.lt\/#\/schema\/logo\/image\/"},"sameAs":["https:\/\/www.linkedin.com\/company\/talk2growconversations\/"]}]}},"_links":{"self":[{"href":"https:\/\/talk2grow.lt\/en\/wp-json\/wp\/v2\/pages\/1650","targetHints":{"allow":["GET"]}}],"collection":[{"href":"https:\/\/talk2grow.lt\/en\/wp-json\/wp\/v2\/pages"}],"about":[{"href":"https:\/\/talk2grow.lt\/en\/wp-json\/wp\/v2\/types\/page"}],"author":[{"embeddable":true,"href":"https:\/\/talk2grow.lt\/en\/wp-json\/wp\/v2\/users\/1"}],"replies":[{"embeddable":true,"href":"https:\/\/talk2grow.lt\/en\/wp-json\/wp\/v2\/comments?post=1650"}],"version-history":[{"count":20,"href":"https:\/\/talk2grow.lt\/en\/wp-json\/wp\/v2\/pages\/1650\/revisions"}],"predecessor-version":[{"id":2014,"href":"https:\/\/talk2grow.lt\/en\/wp-json\/wp\/v2\/pages\/1650\/revisions\/2014"}],"wp:featuredmedia":[{"embeddable":true,"href":"https:\/\/talk2grow.lt\/en\/wp-json\/wp\/v2\/media\/1589"}],"wp:attachment":[{"href":"https:\/\/talk2grow.lt\/en\/wp-json\/wp\/v2\/media?parent=1650"}],"curies":[{"name":"wp","href":"https:\/\/api.w.org\/{rel}","templated":true}]}}