{"id":106,"date":"2025-04-09T20:03:41","date_gmt":"2025-04-09T20:03:41","guid":{"rendered":"https:\/\/talk2grow.lt\/?page_id=106"},"modified":"2026-03-24T13:14:19","modified_gmt":"2026-03-24T11:14:19","slug":"grazinimo-taisykles","status":"publish","type":"page","link":"https:\/\/talk2grow.lt\/en\/grazinimo-taisykles\/","title":{"rendered":"Return policy"},"content":{"rendered":"<div data-elementor-type=\"wp-page\" data-elementor-id=\"106\" class=\"elementor elementor-106\" data-elementor-post-type=\"page\">\n\t\t\t\t\t\t<section class=\"elementor-section elementor-top-section elementor-element elementor-element-826e8ad elementor-section-boxed elementor-section-height-default elementor-section-height-default\" data-id=\"826e8ad\" data-element_type=\"section\" data-e-type=\"section\">\n\t\t\t\t\t\t<div class=\"elementor-container elementor-column-gap-default\">\n\t\t\t\t\t<div class=\"elementor-column elementor-col-100 elementor-top-column elementor-element elementor-element-227056e\" data-id=\"227056e\" data-element_type=\"column\" data-e-type=\"column\">\n\t\t\t<div class=\"elementor-widget-wrap elementor-element-populated\">\n\t\t\t\t\t\t<div class=\"elementor-element elementor-element-c7cc272 elementor-widget elementor-widget-heading\" data-id=\"c7cc272\" data-element_type=\"widget\" data-e-type=\"widget\" data-widget_type=\"heading.default\">\n\t\t\t\t<div class=\"elementor-widget-container\">\n\t\t\t\t\t<h1 class=\"elementor-heading-title elementor-size-default\">Return policy<\/h1>\t\t\t\t<\/div>\n\t\t\t\t<\/div>\n\t\t\t\t\t<\/div>\n\t\t<\/div>\n\t\t\t\t\t<\/div>\n\t\t<\/section>\n\t\t\t\t<section class=\"elementor-section elementor-top-section elementor-element elementor-element-46df99e elementor-section-boxed elementor-section-height-default elementor-section-height-default\" data-id=\"46df99e\" data-element_type=\"section\" data-e-type=\"section\">\n\t\t\t\t\t\t<div class=\"elementor-container elementor-column-gap-default\">\n\t\t\t\t\t<div class=\"elementor-column elementor-col-100 elementor-top-column elementor-element elementor-element-d15814f\" data-id=\"d15814f\" data-element_type=\"column\" data-e-type=\"column\">\n\t\t\t<div class=\"elementor-widget-wrap elementor-element-populated\">\n\t\t\t\t\t\t<div class=\"elementor-element elementor-element-5bd9e60 elementor-widget elementor-widget-text-editor\" data-id=\"5bd9e60\" data-element_type=\"widget\" data-e-type=\"widget\" data-widget_type=\"text-editor.default\">\n\t\t\t\t<div class=\"elementor-widget-container\">\n\t\t\t\t\t\t\t\t\t<p><span style=\"color: #000000;\"><b>Delivery rules:<\/b><\/span><\/p><ol><li style=\"font-weight: 400;\" aria-level=\"1\"><span style=\"font-weight: 400;\">Delivery is only available in Lithuania, using parcel terminals.<\/span><\/li><li style=\"font-weight: 400;\" aria-level=\"1\"><span style=\"font-weight: 400;\">The delivery cost is specified at the time of purchase and may vary depending on the selected parcel terminal, product size, and weight.<\/span><\/li><li style=\"font-weight: 400;\" aria-level=\"1\"><span style=\"font-weight: 400;\">Orders placed on working days before 2 p.m. will be shipped on the same day. Orders placed after 2 p.m., on weekends or public holidays will be shipped on the next working day.<\/span><\/li><li style=\"font-weight: 400;\" aria-level=\"1\"><span style=\"font-weight: 400;\">The delivery period is 1-3 working days from the date of shipment.<\/span><\/li><li style=\"font-weight: 400;\" aria-level=\"1\"><span style=\"font-weight: 400;\">Download links for digital products will be provided by email and will also be available on the \/account\/ page when you log in to your account.<\/span><\/li><\/ol><p><b><br \/><span style=\"color: #000000;\">Return policy:<\/span><\/b><\/p><ol><li style=\"font-weight: 400;\" aria-level=\"1\"><span style=\"font-weight: 400;\">Physical products can be returned within 14 calendar days of receipt, provided that they are undamaged and the packaging is intact.<\/span><\/li><li style=\"font-weight: 400;\" aria-level=\"1\"><span style=\"font-weight: 400;\">The product must be returned to the post office where it was received, using the same shipping service.<\/span><\/li><li style=\"font-weight: 400;\" aria-level=\"1\"><span style=\"font-weight: 400;\">The buyer must inform the online store administration of their desire to return the product by emailing <\/span><a href=\"mailto:info@talk2grow.lt\"><span style=\"font-weight: 400;\"><b>info@talk2grow.lt<\/b><\/span><\/a><span style=\"font-weight: 400;\">\u00a0indicating the order number and reason for the return.<\/span><\/li><li style=\"font-weight: 400;\" aria-level=\"1\"><span style=\"font-weight: 400;\">The buyer is responsible for the return shipping costs.<\/span><\/li><li style=\"font-weight: 400;\" aria-level=\"1\"><span style=\"font-weight: 400;\">Once the product has been received and inspected, the money will be refunded within 14 days.<\/span><\/li><\/ol><p><b><br \/><span style=\"color: #000000;\">Important:<\/span><\/b><span style=\"font-weight: 400;\">if you are returning defective goods (e.g., a book with a damaged cover), we will cover the shipping costs. If you are returning goods in their original packaging, the buyer is responsible for the shipping costs. As required by European Union e-commerce laws, once we receive the returned goods, we will refund your money to the specified account or replace the goods with others within 14 days. If your shipment was subject to a shipping fee, the delivery costs will not be refunded.<\/span><\/p><p><span style=\"color: #000000;\"><b>Returns of digital products:<\/b><\/span><\/p><ol><li style=\"font-weight: 400;\" aria-level=\"1\"><span style=\"font-weight: 400;\">Digital products cannot be returned as they are intangible items.<\/span><\/li><li style=\"font-weight: 400;\" aria-level=\"1\"><span style=\"font-weight: 400;\">If a customer has a problem with a digital product, please contact the online store administration by email at <a href=\"mailto:info@talk2grow.lt\"><b>info@talk2grow.lt<\/b><\/a><\/span><\/li><\/ol><p><b><br \/><span style=\"color: #000000;\">Contact details:<\/span><br \/><\/b><span style=\"font-weight: 400;\">\u012emon\u0117: <\/span>Santyki\u0173 ir emocij\u0173 laboratorija, MB<br \/><span style=\"font-weight: 400;\">Company code:<\/span><span style=\"font-weight: 400;\"> 304833811\u00a0<\/span><span style=\"font-weight: 400;\"><br \/><\/span><span style=\"font-weight: 400;\">Registered address: <\/span><span style=\"font-weight: 400;\">Pauliau \u0160irvio g. 6-41, LT-10213 Vilnius<\/span><span style=\"font-weight: 400;\"><br \/><\/span><span style=\"font-weight: 400;\">Email: <a href=\"mailto:info@talk2grow.lt\"><b>info@talk2grow.lt<\/b><\/a><\/span><\/p>\t\t\t\t\t\t\t\t<\/div>\n\t\t\t\t<\/div>\n\t\t\t\t\t<\/div>\n\t\t<\/div>\n\t\t\t\t\t<\/div>\n\t\t<\/section>\n\t\t\t\t<\/div>","protected":false},"excerpt":{"rendered":"<p>Gr\u0105\u017einimo taisykl\u0117s Pristatymo taisykl\u0117s: Pristatymas vykdomas tik Lietuvoje, naudojant pa\u0161tomatus. U\u017esakymo pristatymo kaina nurodoma pirkimo metu ir gali kisti, priklausomai nuo pasirinkto pa\u0161tomato, produkto dyd\u017eio ir svorio. U\u017esakymai, pateikti darbo dienomis iki 14:00, bus i\u0161si\u0173sti t\u0105 pa\u010di\u0105 dien\u0105. U\u017esakymai, pateikti po 14:00, savaitgaliais ar \u0161ven\u010di\u0173 dienomis, bus i\u0161si\u0173sti kit\u0105 darbo dien\u0105. Pristatymo laikotarpis yra 1\u20133 [&hellip;]<\/p>\n","protected":false},"author":1,"featured_media":0,"parent":0,"menu_order":0,"comment_status":"closed","ping_status":"closed","template":"","meta":{"footnotes":""},"class_list":["post-106","page","type-page","status-publish","hentry"],"yoast_head":"<!-- This site is optimized with the Yoast SEO plugin v27.2 - https:\/\/yoast.com\/product\/yoast-seo-wordpress\/ -->\n<title>Gr\u0105\u017einimo taisykl\u0117s - Talk2grow<\/title>\n<meta name=\"robots\" content=\"index, follow, max-snippet:-1, max-image-preview:large, max-video-preview:-1\" \/>\n<link rel=\"canonical\" href=\"https:\/\/talk2grow.lt\/en\/grazinimo-taisykles\/\" \/>\n<meta property=\"og:locale\" content=\"en_GB\" \/>\n<meta property=\"og:type\" content=\"article\" \/>\n<meta property=\"og:title\" content=\"Gr\u0105\u017einimo taisykl\u0117s - Talk2grow\" \/>\n<meta property=\"og:description\" content=\"Gr\u0105\u017einimo taisykl\u0117s Pristatymo taisykl\u0117s: Pristatymas vykdomas tik Lietuvoje, naudojant pa\u0161tomatus. U\u017esakymo pristatymo kaina nurodoma pirkimo metu ir gali kisti, priklausomai nuo pasirinkto pa\u0161tomato, produkto dyd\u017eio ir svorio. U\u017esakymai, pateikti darbo dienomis iki 14:00, bus i\u0161si\u0173sti t\u0105 pa\u010di\u0105 dien\u0105. U\u017esakymai, pateikti po 14:00, savaitgaliais ar \u0161ven\u010di\u0173 dienomis, bus i\u0161si\u0173sti kit\u0105 darbo dien\u0105. Pristatymo laikotarpis yra 1\u20133 [&hellip;]\" \/>\n<meta property=\"og:url\" content=\"https:\/\/talk2grow.lt\/en\/grazinimo-taisykles\/\" \/>\n<meta property=\"og:site_name\" content=\"Talk2grow\" \/>\n<meta property=\"article:modified_time\" content=\"2026-03-24T11:14:19+00:00\" \/>\n<meta name=\"twitter:card\" content=\"summary_large_image\" \/>\n<meta name=\"twitter:label1\" content=\"Estimated reading time\" \/>\n\t<meta name=\"twitter:data1\" content=\"2 minutes\" \/>\n<script type=\"application\/ld+json\" class=\"yoast-schema-graph\">{\"@context\":\"https:\/\/schema.org\",\"@graph\":[{\"@type\":\"WebPage\",\"@id\":\"https:\/\/talk2grow.lt\/grazinimo-taisykles\/\",\"url\":\"https:\/\/talk2grow.lt\/grazinimo-taisykles\/\",\"name\":\"Gr\u0105\u017einimo taisykl\u0117s - Talk2grow\",\"isPartOf\":{\"@id\":\"https:\/\/talk2grow.lt\/#website\"},\"datePublished\":\"2025-04-09T20:03:41+00:00\",\"dateModified\":\"2026-03-24T11:14:19+00:00\",\"breadcrumb\":{\"@id\":\"https:\/\/talk2grow.lt\/grazinimo-taisykles\/#breadcrumb\"},\"inLanguage\":\"en-GB\",\"potentialAction\":[{\"@type\":\"ReadAction\",\"target\":[\"https:\/\/talk2grow.lt\/grazinimo-taisykles\/\"]}]},{\"@type\":\"BreadcrumbList\",\"@id\":\"https:\/\/talk2grow.lt\/grazinimo-taisykles\/#breadcrumb\",\"itemListElement\":[{\"@type\":\"ListItem\",\"position\":1,\"name\":\"Home\",\"item\":\"https:\/\/talk2grow.lt\/\"},{\"@type\":\"ListItem\",\"position\":2,\"name\":\"Gr\u0105\u017einimo taisykl\u0117s\"}]},{\"@type\":\"WebSite\",\"@id\":\"https:\/\/talk2grow.lt\/#website\",\"url\":\"https:\/\/talk2grow.lt\/\",\"name\":\"Talk2grow\",\"description\":\"We make teams talk and grow\",\"publisher\":{\"@id\":\"https:\/\/talk2grow.lt\/#organization\"},\"potentialAction\":[{\"@type\":\"SearchAction\",\"target\":{\"@type\":\"EntryPoint\",\"urlTemplate\":\"https:\/\/talk2grow.lt\/?s={search_term_string}\"},\"query-input\":{\"@type\":\"PropertyValueSpecification\",\"valueRequired\":true,\"valueName\":\"search_term_string\"}}],\"inLanguage\":\"en-GB\"},{\"@type\":\"Organization\",\"@id\":\"https:\/\/talk2grow.lt\/#organization\",\"name\":\"Talk2grow\",\"url\":\"https:\/\/talk2grow.lt\/\",\"logo\":{\"@type\":\"ImageObject\",\"inLanguage\":\"en-GB\",\"@id\":\"https:\/\/talk2grow.lt\/#\/schema\/logo\/image\/\",\"url\":\"https:\/\/talk2grow.lt\/wp-content\/uploads\/2025\/03\/T2G-Primary-logo@4x.png\",\"contentUrl\":\"https:\/\/talk2grow.lt\/wp-content\/uploads\/2025\/03\/T2G-Primary-logo@4x.png\",\"width\":1985,\"height\":673,\"caption\":\"Talk2grow\"},\"image\":{\"@id\":\"https:\/\/talk2grow.lt\/#\/schema\/logo\/image\/\"},\"sameAs\":[\"https:\/\/www.linkedin.com\/company\/talk2growconversations\/\"]}]}<\/script>\n<!-- \/ Yoast SEO plugin. -->","yoast_head_json":{"title":"Gr\u0105\u017einimo taisykl\u0117s - Talk2grow","robots":{"index":"index","follow":"follow","max-snippet":"max-snippet:-1","max-image-preview":"max-image-preview:large","max-video-preview":"max-video-preview:-1"},"canonical":"https:\/\/talk2grow.lt\/en\/grazinimo-taisykles\/","og_locale":"en_GB","og_type":"article","og_title":"Gr\u0105\u017einimo taisykl\u0117s - Talk2grow","og_description":"Gr\u0105\u017einimo taisykl\u0117s Pristatymo taisykl\u0117s: Pristatymas vykdomas tik Lietuvoje, naudojant pa\u0161tomatus. U\u017esakymo pristatymo kaina nurodoma pirkimo metu ir gali kisti, priklausomai nuo pasirinkto pa\u0161tomato, produkto dyd\u017eio ir svorio. U\u017esakymai, pateikti darbo dienomis iki 14:00, bus i\u0161si\u0173sti t\u0105 pa\u010di\u0105 dien\u0105. U\u017esakymai, pateikti po 14:00, savaitgaliais ar \u0161ven\u010di\u0173 dienomis, bus i\u0161si\u0173sti kit\u0105 darbo dien\u0105. Pristatymo laikotarpis yra 1\u20133 [&hellip;]","og_url":"https:\/\/talk2grow.lt\/en\/grazinimo-taisykles\/","og_site_name":"Talk2grow","article_modified_time":"2026-03-24T11:14:19+00:00","twitter_card":"summary_large_image","twitter_misc":{"Estimated reading time":"2 minutes"},"schema":{"@context":"https:\/\/schema.org","@graph":[{"@type":"WebPage","@id":"https:\/\/talk2grow.lt\/grazinimo-taisykles\/","url":"https:\/\/talk2grow.lt\/grazinimo-taisykles\/","name":"Gr\u0105\u017einimo taisykl\u0117s - Talk2grow","isPartOf":{"@id":"https:\/\/talk2grow.lt\/#website"},"datePublished":"2025-04-09T20:03:41+00:00","dateModified":"2026-03-24T11:14:19+00:00","breadcrumb":{"@id":"https:\/\/talk2grow.lt\/grazinimo-taisykles\/#breadcrumb"},"inLanguage":"en-GB","potentialAction":[{"@type":"ReadAction","target":["https:\/\/talk2grow.lt\/grazinimo-taisykles\/"]}]},{"@type":"BreadcrumbList","@id":"https:\/\/talk2grow.lt\/grazinimo-taisykles\/#breadcrumb","itemListElement":[{"@type":"ListItem","position":1,"name":"Home","item":"https:\/\/talk2grow.lt\/"},{"@type":"ListItem","position":2,"name":"Gr\u0105\u017einimo taisykl\u0117s"}]},{"@type":"WebSite","@id":"https:\/\/talk2grow.lt\/#website","url":"https:\/\/talk2grow.lt\/","name":"Talk2grow","description":"We make teams talk and grow","publisher":{"@id":"https:\/\/talk2grow.lt\/#organization"},"potentialAction":[{"@type":"SearchAction","target":{"@type":"EntryPoint","urlTemplate":"https:\/\/talk2grow.lt\/?s={search_term_string}"},"query-input":{"@type":"PropertyValueSpecification","valueRequired":true,"valueName":"search_term_string"}}],"inLanguage":"en-GB"},{"@type":"Organization","@id":"https:\/\/talk2grow.lt\/#organization","name":"Talk2grow","url":"https:\/\/talk2grow.lt\/","logo":{"@type":"ImageObject","inLanguage":"en-GB","@id":"https:\/\/talk2grow.lt\/#\/schema\/logo\/image\/","url":"https:\/\/talk2grow.lt\/wp-content\/uploads\/2025\/03\/T2G-Primary-logo@4x.png","contentUrl":"https:\/\/talk2grow.lt\/wp-content\/uploads\/2025\/03\/T2G-Primary-logo@4x.png","width":1985,"height":673,"caption":"Talk2grow"},"image":{"@id":"https:\/\/talk2grow.lt\/#\/schema\/logo\/image\/"},"sameAs":["https:\/\/www.linkedin.com\/company\/talk2growconversations\/"]}]}},"_links":{"self":[{"href":"https:\/\/talk2grow.lt\/en\/wp-json\/wp\/v2\/pages\/106","targetHints":{"allow":["GET"]}}],"collection":[{"href":"https:\/\/talk2grow.lt\/en\/wp-json\/wp\/v2\/pages"}],"about":[{"href":"https:\/\/talk2grow.lt\/en\/wp-json\/wp\/v2\/types\/page"}],"author":[{"embeddable":true,"href":"https:\/\/talk2grow.lt\/en\/wp-json\/wp\/v2\/users\/1"}],"replies":[{"embeddable":true,"href":"https:\/\/talk2grow.lt\/en\/wp-json\/wp\/v2\/comments?post=106"}],"version-history":[{"count":16,"href":"https:\/\/talk2grow.lt\/en\/wp-json\/wp\/v2\/pages\/106\/revisions"}],"predecessor-version":[{"id":2108,"href":"https:\/\/talk2grow.lt\/en\/wp-json\/wp\/v2\/pages\/106\/revisions\/2108"}],"wp:attachment":[{"href":"https:\/\/talk2grow.lt\/en\/wp-json\/wp\/v2\/media?parent=106"}],"curies":[{"name":"wp","href":"https:\/\/api.w.org\/{rel}","templated":true}]}}